{"id":62,"date":"2025-03-21T15:30:20","date_gmt":"2025-03-21T14:30:20","guid":{"rendered":"https:\/\/www.burgundywinecompany.com\/home\/?page_id=62"},"modified":"2025-03-21T15:30:20","modified_gmt":"2025-03-21T14:30:20","slug":"ansvarlig-spilling","status":"publish","type":"page","link":"https:\/\/www.burgundywinecompany.com\/home\/ansvarlig-spilling\/","title":{"rendered":"Ansvarlig spilling"},"content":{"rendered":"\n<p><strong>NorskeAutomater.com er nettside som ikke tilbyr spill med ekte penger og som s\u00e5ledes ikke kan tilby noen egne anvendbare verkt\u00f8y som kan motarbeide negative konsekvenser \/ opplevelser av pengespill.<\/strong><\/p>\n\n\n\n<p>Vi understreker allikevel at online spill med ekte penger er noe vi \u00f8nsker at og fremhever at skal v\u00e6re en lystbetont opplevelse for v\u00e5re lesere og som ikke skaper negative konsekvenser.<\/p>\n\n\n\n<p>NorskeAutomater.com oppfordrer derfor deg som bes\u00f8kende p\u00e5 v\u00e5re sider om \u00e5 lese gjennom og ta til etterretning de opplysningene som du finner p\u00e5 denne siden. Vi vil komme med konkrete tips og r\u00e5d om hvordan du kan oppdage skadelig spill hos deg selv eller andre og hvilke grep du kan gj\u00f8re for \u00e5 bedre din eller andres situasjon.<\/p>\n\n\n\n<h2 class=\"wp-block-heading\">Hva handler ansvarlig spill om?<\/h2>\n\n\n\n<p>Kort fortalt kan man si at ansvarlig spill handler om \u00e5 beskytte spillere mot skadelig spilling. Skadelig spill er i denne sammenhengen et samlebegrep som omhandler flere momenter, deriblant for mye spill, tap av kontroll, avhengighet og mer.<\/p>\n\n\n\n<p>For de aller fleste fungerer pengespill p\u00e5 nett som en hyggelig og ufarlig fritidsaktivitet, men for enkelte kan alts\u00e5 den samme spillingen ta en mer skadelig vending. Som spiller er det du som i utgangspunktet er den ansvarlige part og dette betyr at du selv har som oppgave \u00e5 f\u00f8lge med p\u00e5 om din spilling begynner \u00e5 f\u00f8re til negative konsekvenser og opplevelser.<\/p>\n\n\n\n<p>I l\u00f8pet av de siste \u00e5rene har imidlertid de ulike casinoene blitt p\u00e5lagt \u00e5 f\u00f8re strengere kontroll over sine spillere og m\u00e5 n\u00e5 i langt st\u00f8rre grad drive forebyggende arbeid og fors\u00f8ke \u00e5 minimere skadelig spilling. Dette gj\u00f8r man ved \u00e5 tilby verkt\u00f8y som kan v\u00e6re nyttige for den enkelte spiller, men man m\u00e5 alts\u00e5 v\u00e6re i stand til \u00e5 se p\u00e5 sin egen spillutvikling med et kritisk blikk. Man \u00f8nsker ogs\u00e5 at casinoene skal ha systemer som fanger opp dem som har en uheldig utvikling, og man kan helt klart si at bransjen beveger seg i riktig retning p\u00e5 dette feltet.<\/p>\n\n\n\n<p>De fleste casinoene som du finner p\u00e5 denne siden er regulert av Malta Gaming Authority og\/eller UK Gambling Commission, og dette er to statlige regulatoriske myndigheter som i disse dager har en langt mer aggressiv tiln\u00e6rming til ansvarlig spill \u2013 og da spesielt overfor de ulike casinoene som skal motta lisenser av dem.<\/p>\n\n\n\n<p>Videre i denne teksten kan du lese mer om de ulike faresignalene som omhandler usunne og negative konsekvenser av din egen spilling.<\/p>\n\n\n\n<h2 class=\"wp-block-heading\">Hvem kan oppleve skadelig spill?<\/h2>\n\n\n\n<p>Veldig mange av de som spiller er helt sikre p\u00e5 at de har kontroll p\u00e5 egen spilling, men faktum er at skadelig spill er noe som kan ramme absolutt alle. Dette gjelder uansett alder, kj\u00f8nn eller bakgrunn.<\/p>\n\n\n\n<p>Spillere som har en familiehistorie hvor det tidligere har v\u00e6rt spilleproblemer har en noe st\u00f8rre sjanse for \u00e5 utvikle dette selv, og man ser at b\u00e5de arv og milj\u00f8 kan v\u00e6re mulige faktorer i s\u00e5 m\u00e5te.<\/p>\n\n\n\n<p>Hvis du begynte \u00e5 spille tidlig s\u00e5 er ogs\u00e5 dette en risikofaktor du skal v\u00e6re klar over, og ha i bakhodet. Man har ogs\u00e5 funnet ut at spillere som lider av bestemte medisinske lidelser ogs\u00e5 er predisponert for \u00e5 utvikle problematisk spillatferd, og faktisk er det 7 ganger st\u00f8rre risiko for dette om du for eksempel lider av Parkinson (BeGambleAware.com)<\/p>\n\n\n\n<p>En av de st\u00f8rste utfordringene med skadelig spill er at det er en avhengighet som det kan v\u00e6re vanskelig \u00e5 se, og det kalles derfor ogs\u00e5 for en \u2018skjult avhengighet\u2019.<\/p>\n\n\n\n<p>Ofte er det slik at en person som har et problematisk forhold til spill m\u00e5 st\u00e5 frem og innr\u00f8mme det for sin familie og\/eller venner, og dette er det \u00e5penbart knyttet noen store utfordringer til \u2013 deriblant at det ofte da allerede kan ha g\u00e5tt sv\u00e6rt langt.<\/p>\n\n\n\n<p>En problematisk spillatferd er i veldig mange tilfeller ikke bare skadelig for \u00e9n person, men ogs\u00e5 for de menneskene som omg\u00e5s spilleren i det daglige liv. Dette kan da v\u00e6re b\u00e5de n\u00e6r og utvidet familie, men ogs\u00e5 venner og bekjente.<\/p>\n\n\n\n<h2 class=\"wp-block-heading\">\u00c5rsaker til problematisk spilling<\/h2>\n\n\n\n<p>Det forskes mye p\u00e5 hva det er som kan v\u00e6re \u00e5rsaken til problematisk og skadelig spilling, men man har rett og slett ikke kommet frem til noen klare svar p\u00e5 \u00e5rsak og virkning her \u2013 det er rett og slett ingen som vet.<\/p>\n\n\n\n<p>Som nevnt ovenfor s\u00e5 kan flere ting som b\u00e5de familiehistorie, debutalder samt at man har vunnet store gevinster tidlig i \u2018spillekarrieren\u2019 ha sammenheng med problematisk spilling, men man kan alts\u00e5 ikke konkludere.<\/p>\n\n\n\n<p>Det er ogs\u00e5 p\u00e5 det rene at spilleproblemer ofte ikke er et isolert fenomen og at mange i tillegg har andre utfordringer som for eksempel narkotika og\/eller alkohol.<\/p>\n\n\n\n<p>Man har ogs\u00e5 via studier funnet ut at det finnes arvelige risikofaktorer som kan gj\u00f8re deg predisponert for avhengighetsskapende lidelser og impulsivitet.<\/p>\n\n\n\n<p>Det eneste man i bunn og grunn kan konkludere med er at det er b\u00e5de psykologiske, sosiale og biologiske faktorer som spiller inn i utviklingen av skadelig spilling.<\/p>\n\n\n\n<h2 class=\"wp-block-heading\">Tegn p\u00e5 skadelig spilling<\/h2>\n\n\n\n<p>\u00c5 definere hva som er \u00e5rsaken til problematisk spillatferd med ekte penger er alts\u00e5 ingen enkel sak og det finnes ingen klare svar p\u00e5 dette.<\/p>\n\n\n\n<p>Det man imidlertid vet en god del om er tegn som man skal v\u00e6re oppmerksomme p\u00e5, og dette gjelder b\u00e5de i forhold til egen spillatferd og atferden til noen i n\u00e6r eller utvidet familie, eller venner.<\/p>\n\n\n\n<p>F\u00f8lgende tegn kan indikere skadelig spill med ekte penger.<\/p>\n\n\n\n<p>* Du bruker mer tid og penger p\u00e5 spilling enn hva du har r\u00e5d til.<\/p>\n\n\n\n<p>* Du synes det er vanskelig \u00e5 stoppe \u00e5 spille.<\/p>\n\n\n\n<p>* Du diskuterer og krangler med familie og venner om penger og spilling.<\/p>\n\n\n\n<p>* Du mister interessen for vanlige aktiviteter og hobbyer, og deriblant \u00e5 g\u00e5 ut med venner, drive idrett eller \u00e5 tilbringe tid med familien.<\/p>\n\n\n\n<p>* Du tenker og snakker alltid om spilling.<\/p>\n\n\n\n<p>* Du lyver om spillingen din eller skjuler den for andre mennesker.<\/p>\n\n\n\n<p>* Du jakter p\u00e5 tapene dine for \u00e5 komme deg ut av \u00f8konomiske problemer.<\/p>\n\n\n\n<p>* Du spiller til alle pengene dine er brukt opp.<\/p>\n\n\n\n<p>* Du l\u00e5ner penger, selger eiendeler eller lar v\u00e6re \u00e5 betale regningene dine for \u00e5 ha penger til \u00e5 spille.<\/p>\n\n\n\n<p>* Du m\u00e5 spille for st\u00f8rre bel\u00f8p eller over lengre tidsrom for \u00e5 f\u00e5 den samme f\u00f8lelsen av spenning.<\/p>\n\n\n\n<p>* Du fors\u00f8mmer jobb, skole, familie eller personlige behov eller ansvarsoppgaver i husholdningen p\u00e5 grunn av spilling.<\/p>\n\n\n\n<p>* Du f\u00f8ler deg nerv\u00f8s, bekymret, skyldig, deprimert eller irritabel.<\/p>\n\n\n\n<h2 class=\"wp-block-heading\">Hvordan snakker man med noen om problemet?<\/h2>\n\n\n\n<p>Det ligger i naturen til oss mennesker at vi ikke \u00f8nsker \u00e5 innse n\u00e5r vi selv har problemer og det kan v\u00e6re vanskelig \u00e5 innr\u00f8mme en avhengighet for andre \u2013 uansett hva det dreier seg om. Det er ikke noe annerledes n\u00e5r det kommer til skadelig spilling, og ofte er det slik at familie og venner oppdager dette f\u00f8rst ettersom man som avhengig ofte er i en type fornektelse hvor man selv mener at man har kontroll.<\/p>\n\n\n\n<p>Ofte vil det da v\u00e6re personene rundt som m\u00e5 ta et ansvar og strekke ut en h\u00e5nd, og dette er ingen enkel \u00f8velse. \u00c5 strekke ut en h\u00e5nd er sentralt n\u00e5r man skal snakke med noen om deres spilleavhengighet og det aller viktigste er at man ikke er ford\u00f8mmende, men at man kommuniserer p\u00e5 en positiv og forst\u00e5elsesfull m\u00e5te.<\/p>\n\n\n\n<p>Et veldig godt r\u00e5d er at man starter med s\u00e5kalte \u2018jeg\u2019-setninger.<\/p>\n\n\n\n<p>* \u2019Dette synes jeg er vanskelig \u00e5 ta opp, men jeg vil at du skal vite at jeg er veldig glad i deg og at jeg er bekymret for at det du driver med ikke er bra for deg.\u2019<\/p>\n\n\n\n<p>\u2018Jeg har merket at du kanskje ikke har hatt det s\u00e5 bra med deg selv i det siste, og dette er noe som jeg er bekymret for. Jeg er din venn og har lyst til \u00e5 hjelpe deg.\u2019<\/p>\n\n\n\n<p>* \u2018Jeg er veldig glad i deg og er bekymret for deg, for det du driver med er veldig skummelt og risikabelt. Du vet kanskje hva jeg snakker om?\u2019<\/p>\n\n\n\n<p>Som du ser s\u00e5 kan det v\u00e6re smart \u00e5 ha en \u00e5pen tiln\u00e6rming som gj\u00f8r at personen du snakker med selv f\u00e5r muligheten til \u00e5 \u00e5pne seg.<\/p>\n\n\n\n<p>Du b\u00f8r derfor unng\u00e5 en konfronterende og hard linje hvor personen du snakker med lukker seg inn i seg selv.<\/p>\n\n\n\n<p>Man har en munn og to \u00f8rer, og med det mener vi at du skal v\u00e6re flink til \u00e5 lytte n\u00e5r personen har begynt \u00e5 snakke. V\u00e6r t\u00e5lmodig og ikke avbryt, og din jobb er \u00e5 holde roen under samtalen.<\/p>\n\n\n\n<p>Til sist vil vi understreke at man ikke skal godta unnskyldninger og bortforklaringer for problemspillingen, men man skal som sagt allikevel holde roen og v\u00e6re forst\u00e5elsesfull.<\/p>\n\n\n\n<p>Og til sist: ikke l\u00e5n penger til en spiller som du allerede mistenker at har problemer. Dette kan gj\u00f8re problemet verre.<\/p>\n\n\n\n<h2 class=\"wp-block-heading\">Hvem kan du kontakte?<\/h2>\n\n\n\n<p>Er du bekymret for at du eller noen du kjenner har utviklet problemer med pengespill p\u00e5 nett, eller befinner seg i faresonen?<\/p>\n\n\n\n<p>Da er det viktig at du opps\u00f8ker hjelp!<\/p>\n\n\n\n<p><strong>Ta kontakt med:<\/strong><br><a href=\"https:\/\/www.spillavhengighet.no\/\">Spilleavhengighet.no<\/a><br><a href=\"https:\/\/www.hjelpelinjen.no\/\">Hjelpelinjen.no<\/a><\/p>\n\n\n\n<p><strong>Litteraturliste:<\/strong><br>*&nbsp;<a href=\"https:\/\/www.begambleaware.org\/gambling-problems\/who-does-problem-gambling-affect\/\">https:\/\/www.begambleaware.org\/gambling-problems\/who-does-problem-gambling-affect\/<\/a><\/p>\n\n\n\n<p>*&nbsp;<a href=\"https:\/\/www.begambleaware.org\/gambling-problems\/who-does-problem-gambling-affect\/what-causes-problem-gambling\/\">https:\/\/www.begambleaware.org\/gambling-problems\/who-does-problem-gambling-affect\/what-causes-problem-gambling\/<\/a><\/p>\n\n\n\n<p>*&nbsp;<a href=\"https:\/\/www.begambleaware.org\/gambling-problems\/signs-to-look-out-for\/\">https:\/\/www.begambleaware.org\/gambling-problems\/signs-to-look-out-for\/<\/a><\/p>\n","protected":false},"excerpt":{"rendered":"<p>NorskeAutomater.com er nettside som ikke tilbyr spill med ekte penger og som s\u00e5ledes ikke kan tilby noen egne anvendbare verkt\u00f8y som kan motarbeide negative konsekvenser \/ opplevelser av pengespill. Vi understreker allikevel at online spill med ekte penger er noe vi \u00f8nsker at og fremhever at skal v\u00e6re en lystbetont opplevelse for v\u00e5re lesere og &#8230; <a title=\"Ansvarlig spilling\" class=\"read-more\" href=\"https:\/\/www.burgundywinecompany.com\/home\/ansvarlig-spilling\/\" aria-label=\"Read more about Ansvarlig spilling\">Les mer<\/a><\/p>\n","protected":false},"author":1,"featured_media":0,"parent":0,"menu_order":0,"comment_status":"closed","ping_status":"closed","template":"","meta":{"_acf_changed":false,"footnotes":""},"class_list":["post-62","page","type-page","status-publish"],"acf":[],"yoast_head":"<!-- This site is optimized with the Yoast SEO plugin v27.3 - https:\/\/yoast.com\/product\/yoast-seo-wordpress\/ -->\n<title>Ansvarlig spilling - NorskeAutomater.com<\/title>\n<meta name=\"description\" content=\"Ansvarlig spilling er viktig for oss her p\u00e5 NorskeAutomater.com. Vi \u00f8nsker at v\u00e5re lesere skal ha et avslappet forhold til pengespill online!\" \/>\n<meta name=\"robots\" content=\"index, follow, max-snippet:-1, max-image-preview:large, max-video-preview:-1\" \/>\n<link rel=\"canonical\" href=\"https:\/\/www.burgundywinecompany.com\/home\/ansvarlig-spilling\/\" \/>\n<meta property=\"og:locale\" content=\"nb_NO\" \/>\n<meta property=\"og:type\" content=\"article\" \/>\n<meta property=\"og:title\" content=\"Ansvarlig spilling - NorskeAutomater.com\" \/>\n<meta property=\"og:description\" content=\"Ansvarlig spilling er viktig for oss her p\u00e5 NorskeAutomater.com. Vi \u00f8nsker at v\u00e5re lesere skal ha et avslappet forhold til pengespill online!\" \/>\n<meta property=\"og:url\" content=\"https:\/\/www.burgundywinecompany.com\/home\/ansvarlig-spilling\/\" \/>\n<meta property=\"og:site_name\" content=\"NorskeAutomater.com\" \/>\n<meta name=\"twitter:card\" content=\"summary_large_image\" \/>\n<meta name=\"twitter:label1\" content=\"Ansl. lesetid\" \/>\n\t<meta name=\"twitter:data1\" content=\"9 minutter\" \/>\n<script type=\"application\/ld+json\" class=\"yoast-schema-graph\">{\"@context\":\"https:\\\/\\\/schema.org\",\"@graph\":[{\"@type\":\"WebPage\",\"@id\":\"https:\\\/\\\/www.burgundywinecompany.com\\\/home\\\/ansvarlig-spilling\\\/\",\"url\":\"https:\\\/\\\/www.burgundywinecompany.com\\\/home\\\/ansvarlig-spilling\\\/\",\"name\":\"Ansvarlig spilling - NorskeAutomater.com\",\"isPartOf\":{\"@id\":\"https:\\\/\\\/www.burgundywinecompany.com\\\/home\\\/#website\"},\"datePublished\":\"2025-03-21T14:30:20+00:00\",\"description\":\"Ansvarlig spilling er viktig for oss her p\u00e5 NorskeAutomater.com. Vi \u00f8nsker at v\u00e5re lesere skal ha et avslappet forhold til pengespill online!\",\"breadcrumb\":{\"@id\":\"https:\\\/\\\/www.burgundywinecompany.com\\\/home\\\/ansvarlig-spilling\\\/#breadcrumb\"},\"inLanguage\":\"nb-NO\",\"potentialAction\":[{\"@type\":\"ReadAction\",\"target\":[\"https:\\\/\\\/www.burgundywinecompany.com\\\/home\\\/ansvarlig-spilling\\\/\"]}]},{\"@type\":\"BreadcrumbList\",\"@id\":\"https:\\\/\\\/www.burgundywinecompany.com\\\/home\\\/ansvarlig-spilling\\\/#breadcrumb\",\"itemListElement\":[{\"@type\":\"ListItem\",\"position\":1,\"name\":\"Home\",\"item\":\"https:\\\/\\\/www.burgundywinecompany.com\\\/home\\\/\"},{\"@type\":\"ListItem\",\"position\":2,\"name\":\"Ansvarlig spilling\"}]},{\"@type\":\"WebSite\",\"@id\":\"https:\\\/\\\/www.burgundywinecompany.com\\\/home\\\/#website\",\"url\":\"https:\\\/\\\/www.burgundywinecompany.com\\\/home\\\/\",\"name\":\"NorskeAutomater.com\",\"description\":\"\",\"publisher\":{\"@id\":\"https:\\\/\\\/www.burgundywinecompany.com\\\/home\\\/#organization\"},\"potentialAction\":[{\"@type\":\"SearchAction\",\"target\":{\"@type\":\"EntryPoint\",\"urlTemplate\":\"https:\\\/\\\/www.burgundywinecompany.com\\\/home\\\/?s={search_term_string}\"},\"query-input\":{\"@type\":\"PropertyValueSpecification\",\"valueRequired\":true,\"valueName\":\"search_term_string\"}}],\"inLanguage\":\"nb-NO\"},{\"@type\":\"Organization\",\"@id\":\"https:\\\/\\\/www.burgundywinecompany.com\\\/home\\\/#organization\",\"name\":\"NorskeAutomater.com\",\"url\":\"https:\\\/\\\/www.burgundywinecompany.com\\\/home\\\/\",\"logo\":{\"@type\":\"ImageObject\",\"inLanguage\":\"nb-NO\",\"@id\":\"https:\\\/\\\/www.burgundywinecompany.com\\\/home\\\/#\\\/schema\\\/logo\\\/image\\\/\",\"url\":\"https:\\\/\\\/www.burgundywinecompany.com\\\/home\\\/wp-content\\\/uploads\\\/2025\\\/03\\\/cropped-Norske-automater-white.png\",\"contentUrl\":\"https:\\\/\\\/www.burgundywinecompany.com\\\/home\\\/wp-content\\\/uploads\\\/2025\\\/03\\\/cropped-Norske-automater-white.png\",\"width\":600,\"height\":245,\"caption\":\"NorskeAutomater.com\"},\"image\":{\"@id\":\"https:\\\/\\\/www.burgundywinecompany.com\\\/home\\\/#\\\/schema\\\/logo\\\/image\\\/\"}}]}<\/script>\n<!-- \/ Yoast SEO plugin. -->","yoast_head_json":{"title":"Ansvarlig spilling - NorskeAutomater.com","description":"Ansvarlig spilling er viktig for oss her p\u00e5 NorskeAutomater.com. Vi \u00f8nsker at v\u00e5re lesere skal ha et avslappet forhold til pengespill online!","robots":{"index":"index","follow":"follow","max-snippet":"max-snippet:-1","max-image-preview":"max-image-preview:large","max-video-preview":"max-video-preview:-1"},"canonical":"https:\/\/www.burgundywinecompany.com\/home\/ansvarlig-spilling\/","og_locale":"nb_NO","og_type":"article","og_title":"Ansvarlig spilling - NorskeAutomater.com","og_description":"Ansvarlig spilling er viktig for oss her p\u00e5 NorskeAutomater.com. Vi \u00f8nsker at v\u00e5re lesere skal ha et avslappet forhold til pengespill online!","og_url":"https:\/\/www.burgundywinecompany.com\/home\/ansvarlig-spilling\/","og_site_name":"NorskeAutomater.com","twitter_card":"summary_large_image","twitter_misc":{"Ansl. lesetid":"9 minutter"},"schema":{"@context":"https:\/\/schema.org","@graph":[{"@type":"WebPage","@id":"https:\/\/www.burgundywinecompany.com\/home\/ansvarlig-spilling\/","url":"https:\/\/www.burgundywinecompany.com\/home\/ansvarlig-spilling\/","name":"Ansvarlig spilling - NorskeAutomater.com","isPartOf":{"@id":"https:\/\/www.burgundywinecompany.com\/home\/#website"},"datePublished":"2025-03-21T14:30:20+00:00","description":"Ansvarlig spilling er viktig for oss her p\u00e5 NorskeAutomater.com. Vi \u00f8nsker at v\u00e5re lesere skal ha et avslappet forhold til pengespill online!","breadcrumb":{"@id":"https:\/\/www.burgundywinecompany.com\/home\/ansvarlig-spilling\/#breadcrumb"},"inLanguage":"nb-NO","potentialAction":[{"@type":"ReadAction","target":["https:\/\/www.burgundywinecompany.com\/home\/ansvarlig-spilling\/"]}]},{"@type":"BreadcrumbList","@id":"https:\/\/www.burgundywinecompany.com\/home\/ansvarlig-spilling\/#breadcrumb","itemListElement":[{"@type":"ListItem","position":1,"name":"Home","item":"https:\/\/www.burgundywinecompany.com\/home\/"},{"@type":"ListItem","position":2,"name":"Ansvarlig spilling"}]},{"@type":"WebSite","@id":"https:\/\/www.burgundywinecompany.com\/home\/#website","url":"https:\/\/www.burgundywinecompany.com\/home\/","name":"NorskeAutomater.com","description":"","publisher":{"@id":"https:\/\/www.burgundywinecompany.com\/home\/#organization"},"potentialAction":[{"@type":"SearchAction","target":{"@type":"EntryPoint","urlTemplate":"https:\/\/www.burgundywinecompany.com\/home\/?s={search_term_string}"},"query-input":{"@type":"PropertyValueSpecification","valueRequired":true,"valueName":"search_term_string"}}],"inLanguage":"nb-NO"},{"@type":"Organization","@id":"https:\/\/www.burgundywinecompany.com\/home\/#organization","name":"NorskeAutomater.com","url":"https:\/\/www.burgundywinecompany.com\/home\/","logo":{"@type":"ImageObject","inLanguage":"nb-NO","@id":"https:\/\/www.burgundywinecompany.com\/home\/#\/schema\/logo\/image\/","url":"https:\/\/www.burgundywinecompany.com\/home\/wp-content\/uploads\/2025\/03\/cropped-Norske-automater-white.png","contentUrl":"https:\/\/www.burgundywinecompany.com\/home\/wp-content\/uploads\/2025\/03\/cropped-Norske-automater-white.png","width":600,"height":245,"caption":"NorskeAutomater.com"},"image":{"@id":"https:\/\/www.burgundywinecompany.com\/home\/#\/schema\/logo\/image\/"}}]}},"_links":{"self":[{"href":"https:\/\/www.burgundywinecompany.com\/home\/wp-json\/wp\/v2\/pages\/62","targetHints":{"allow":["GET"]}}],"collection":[{"href":"https:\/\/www.burgundywinecompany.com\/home\/wp-json\/wp\/v2\/pages"}],"about":[{"href":"https:\/\/www.burgundywinecompany.com\/home\/wp-json\/wp\/v2\/types\/page"}],"author":[{"embeddable":true,"href":"https:\/\/www.burgundywinecompany.com\/home\/wp-json\/wp\/v2\/users\/1"}],"replies":[{"embeddable":true,"href":"https:\/\/www.burgundywinecompany.com\/home\/wp-json\/wp\/v2\/comments?post=62"}],"version-history":[{"count":1,"href":"https:\/\/www.burgundywinecompany.com\/home\/wp-json\/wp\/v2\/pages\/62\/revisions"}],"predecessor-version":[{"id":63,"href":"https:\/\/www.burgundywinecompany.com\/home\/wp-json\/wp\/v2\/pages\/62\/revisions\/63"}],"wp:attachment":[{"href":"https:\/\/www.burgundywinecompany.com\/home\/wp-json\/wp\/v2\/media?parent=62"}],"curies":[{"name":"wp","href":"https:\/\/api.w.org\/{rel}","templated":true}]}}