{"id":60,"date":"2025-03-21T15:28:37","date_gmt":"2025-03-21T14:28:37","guid":{"rendered":"https:\/\/www.burgundywinecompany.com\/home\/?page_id=60"},"modified":"2025-03-21T15:28:37","modified_gmt":"2025-03-21T14:28:37","slug":"om-oss","status":"publish","type":"page","link":"https:\/\/www.burgundywinecompany.com\/home\/om-oss\/","title":{"rendered":"Om oss"},"content":{"rendered":"\n<p><strong>For oss her p\u00e5 NorskeAutomater.com er det viktig at vi er transparente og at du vet hvem vi er!<\/strong><\/p>\n\n\n\n<p>NorskeAutomater.com er et nettsted som driver med affiliatevirksomhet for casino, og vi har dermed spesialisert oss p\u00e5 klassiske casinospill som og omtaler av online casinoer. Vi mottar derfor godtgj\u00f8relse av de ulike casinoene for \u00e5 henvise spillere til dem. Du kan lese mer om dette under v\u00e5re retningslinjer for annonsering.<\/p>\n\n\n\n<p>Dette betyr at du p\u00e5 disse sidene vil finne omtaler av kjente og mindre kjente casinoer samt at du vil kunne pr\u00f8ve demoversjoner av tusenvis av spill, samt at du vil f\u00e5 muligheten til \u00e5 pr\u00f8ve disse spillene gratis og risikofritt.<\/p>\n\n\n\n<p>Nettsidene er eid og driftet av oss og vi best\u00e5r av en gjeng som har lang erfaring p\u00e5 dette feltet.<\/p>\n\n\n\n<h2 class=\"wp-block-heading\">V\u00e5re spill<\/h2>\n\n\n\n<p>Du vil som sagt finne et stort utvalg av spill her p\u00e5 v\u00e5re sider og hovedvekten ligger utvilsomt p\u00e5 spilleautomater i forskjellige varianter. Spillene som legges ut her p\u00e5 v\u00e5re sider er s\u00e5kalte demovarianter \/ gratisversjoner av spillene og det betyr dermed at du ikke kan spille med ekte penger her p\u00e5 v\u00e5re sider.<\/p>\n\n\n\n<p>Mange lurer p\u00e5 om disse gratisversjonen er 100% like som de spillene man finner i de ekte casinoene, og svaret p\u00e5 dette er enkelt og greit \u2018ja\u2019. N\u00e5r spillutviklerne legger ut sine gratisvarianter av spillene s\u00e5 er de lovp\u00e5lagt av de regulatoriske myndighetene at spillmekanismen og matematikken som ligger bak skal v\u00e6re 100% lik de versjonene av spillene som man kan bruke med ekte penger.<\/p>\n\n\n\n<p>\u00c5rsaken til dette er rett og slett at vanlige spillere skal f\u00e5 et korrekt inntrykk av alle gratisvarianter av spillene slik at de ikke f\u00e5r muligheten til \u00e5 \u2018vinne\u2019 mer p\u00e5 disse spillene \u2013 og dermed \u00e5 et feilaktig inntrykk av automatene f\u00f8r de \u00f8nsker \u00e5 teste med ekte penger.<\/p>\n\n\n\n<p>\u00c5 legge ut absolutt alle automater som finnes p\u00e5 markedet er naturligvis en n\u00e6rmest umulig utgave, men vi vil fokusere p\u00e5 at du skal f\u00e5 pr\u00f8vespille og lese omtaler av de aller beste automatene fra de heteste spillutviklerne.<\/p>\n\n\n\n<p>Dette betyr at du vil f\u00e5 teste spill fra spillutviklere som NetEnt, Thunderkick, ELK Studios, Yggdrasil Gaming, Push Gaming, Nolimit City og Quickspin \u2013 for \u00e5 nevne noen.<\/p>\n\n\n\n<h2 class=\"wp-block-heading\">Tilgjengelige plattformer<\/h2>\n\n\n\n<p>Vi vet at vi lever i en verden hvor de b\u00e6rbare enhetene i st\u00f8rre og st\u00f8rre grad tar over, og selv om det er mange som fortsatt sverger til sin PC n\u00e5r de skal spille casino s\u00e5 er det stadig flere som velger \u00e5 bruke mobiltelefonen sin n\u00e5r de skal spinne noen runder p\u00e5 sitt favorittspill.<\/p>\n\n\n\n<p>For v\u00e5r del inneb\u00e6rer dette at vi har tilrettelagt for at du skal f\u00e5 en s\u00e5 god brukeropplevelse som mulig, og den skal du f\u00e5 oppleve uansett hvilken enhet du befinner deg p\u00e5. Vi har derfor skreddersydd sidene v\u00e5re slik at de ogs\u00e5 fungerer prikkfritt p\u00e5 mobiltelefon og nettbrett, i tillegg til at de naturligvis ogs\u00e5 er 100% velfungerende p\u00e5 b\u00e6rbare PCer og stasjon\u00e6re PCer.<\/p>\n\n\n\n<h2 class=\"wp-block-heading\">Sikkerhet<\/h2>\n\n\n\n<p>\u00c5 bruke v\u00e5re sider skal v\u00e6re en trygg og sikker opplevelse. V\u00e5rt kontinuerlige fokus n\u00e5r vi har utviklet og fortsetter \u00e5 utvikle sidene v\u00e5re har v\u00e6rt, og vil v\u00e6re, sikkerhet og trygghet for v\u00e5re lesere og brukere.<\/p>\n\n\n\n<p>Vi anvender derfor det siste av moderne sikkerhetsteknologi og du kan derfor v\u00e6re trygg p\u00e5 du f\u00e5r en 100% sikker brukeropplevelse ved \u00e5 bruke NorskeAutomater.com.<\/p>\n\n\n\n<h2 class=\"wp-block-heading\">Ansvarlig og trygt spill<\/h2>\n\n\n\n<p>N\u00e5r man spiller casino skal det v\u00e6re en morsom og underholdende opplevelse, og det er derfor vi legger ut demospill p\u00e5 v\u00e5re sider. Disse gir deg en realistisk opplevelse av hvordan det er \u00e5 spille i et ekte casino med ekte penger.<\/p>\n\n\n\n<p>Hvis du f\u00f8ler at du opplever en oppgitthet eller irritasjon ved \u00e5 tape n\u00e5r du spiller med lekepenger her hos oss er det smart \u00e5 tenke seg om to ganger f\u00f8r man spiller med ekte penger.<\/p>\n\n\n\n<p>Hvis du \u00f8nsker \u00e5 spille med ekte penger er det viktig at du tenker rasjonelt over dette, for som alle vet har et casino bestandig fordelen. I det lange l\u00f8p vil casinoet alltid vinne, og dette er det viktig at man er klar over. Noen ganger kan man imidlertid v\u00e6re heldig og slik er det med casinospill.<\/p>\n\n\n\n<p><\/p>\n","protected":false},"excerpt":{"rendered":"<p>For oss her p\u00e5 NorskeAutomater.com er det viktig at vi er transparente og at du vet hvem vi er! NorskeAutomater.com er et nettsted som driver med affiliatevirksomhet for casino, og vi har dermed spesialisert oss p\u00e5 klassiske casinospill som og omtaler av online casinoer. Vi mottar derfor godtgj\u00f8relse av de ulike casinoene for \u00e5 henvise &#8230; <a title=\"Om oss\" class=\"read-more\" href=\"https:\/\/www.burgundywinecompany.com\/home\/om-oss\/\" aria-label=\"Read more about Om oss\">Les mer<\/a><\/p>\n","protected":false},"author":1,"featured_media":0,"parent":0,"menu_order":0,"comment_status":"closed","ping_status":"closed","template":"","meta":{"_acf_changed":false,"footnotes":""},"class_list":["post-60","page","type-page","status-publish"],"acf":[],"yoast_head":"<!-- This site is optimized with the Yoast SEO plugin v27.3 - https:\/\/yoast.com\/product\/yoast-seo-wordpress\/ -->\n<title>Om oss - NorskeAutomater.com<\/title>\n<meta name=\"description\" content=\"Her kan f\u00e5 mer informasjon om oss som driver NorskeAutomater.com.\" \/>\n<meta name=\"robots\" content=\"index, follow, max-snippet:-1, max-image-preview:large, max-video-preview:-1\" \/>\n<link rel=\"canonical\" href=\"https:\/\/www.burgundywinecompany.com\/home\/om-oss\/\" \/>\n<meta property=\"og:locale\" content=\"nb_NO\" \/>\n<meta property=\"og:type\" content=\"article\" \/>\n<meta property=\"og:title\" content=\"Om oss - NorskeAutomater.com\" \/>\n<meta property=\"og:description\" content=\"Her kan f\u00e5 mer informasjon om oss som driver NorskeAutomater.com.\" \/>\n<meta property=\"og:url\" content=\"https:\/\/www.burgundywinecompany.com\/home\/om-oss\/\" \/>\n<meta property=\"og:site_name\" content=\"NorskeAutomater.com\" \/>\n<meta name=\"twitter:card\" content=\"summary_large_image\" \/>\n<meta name=\"twitter:label1\" content=\"Ansl. lesetid\" \/>\n\t<meta name=\"twitter:data1\" content=\"4 minutter\" \/>\n<script type=\"application\/ld+json\" class=\"yoast-schema-graph\">{\"@context\":\"https:\\\/\\\/schema.org\",\"@graph\":[{\"@type\":\"WebPage\",\"@id\":\"https:\\\/\\\/www.burgundywinecompany.com\\\/home\\\/om-oss\\\/\",\"url\":\"https:\\\/\\\/www.burgundywinecompany.com\\\/home\\\/om-oss\\\/\",\"name\":\"Om oss - NorskeAutomater.com\",\"isPartOf\":{\"@id\":\"https:\\\/\\\/www.burgundywinecompany.com\\\/home\\\/#website\"},\"datePublished\":\"2025-03-21T14:28:37+00:00\",\"description\":\"Her kan f\u00e5 mer informasjon om oss som driver NorskeAutomater.com.\",\"breadcrumb\":{\"@id\":\"https:\\\/\\\/www.burgundywinecompany.com\\\/home\\\/om-oss\\\/#breadcrumb\"},\"inLanguage\":\"nb-NO\",\"potentialAction\":[{\"@type\":\"ReadAction\",\"target\":[\"https:\\\/\\\/www.burgundywinecompany.com\\\/home\\\/om-oss\\\/\"]}]},{\"@type\":\"BreadcrumbList\",\"@id\":\"https:\\\/\\\/www.burgundywinecompany.com\\\/home\\\/om-oss\\\/#breadcrumb\",\"itemListElement\":[{\"@type\":\"ListItem\",\"position\":1,\"name\":\"Home\",\"item\":\"https:\\\/\\\/www.burgundywinecompany.com\\\/home\\\/\"},{\"@type\":\"ListItem\",\"position\":2,\"name\":\"Om oss\"}]},{\"@type\":\"WebSite\",\"@id\":\"https:\\\/\\\/www.burgundywinecompany.com\\\/home\\\/#website\",\"url\":\"https:\\\/\\\/www.burgundywinecompany.com\\\/home\\\/\",\"name\":\"NorskeAutomater.com\",\"description\":\"\",\"publisher\":{\"@id\":\"https:\\\/\\\/www.burgundywinecompany.com\\\/home\\\/#organization\"},\"potentialAction\":[{\"@type\":\"SearchAction\",\"target\":{\"@type\":\"EntryPoint\",\"urlTemplate\":\"https:\\\/\\\/www.burgundywinecompany.com\\\/home\\\/?s={search_term_string}\"},\"query-input\":{\"@type\":\"PropertyValueSpecification\",\"valueRequired\":true,\"valueName\":\"search_term_string\"}}],\"inLanguage\":\"nb-NO\"},{\"@type\":\"Organization\",\"@id\":\"https:\\\/\\\/www.burgundywinecompany.com\\\/home\\\/#organization\",\"name\":\"NorskeAutomater.com\",\"url\":\"https:\\\/\\\/www.burgundywinecompany.com\\\/home\\\/\",\"logo\":{\"@type\":\"ImageObject\",\"inLanguage\":\"nb-NO\",\"@id\":\"https:\\\/\\\/www.burgundywinecompany.com\\\/home\\\/#\\\/schema\\\/logo\\\/image\\\/\",\"url\":\"https:\\\/\\\/www.burgundywinecompany.com\\\/home\\\/wp-content\\\/uploads\\\/2025\\\/03\\\/cropped-Norske-automater-white.png\",\"contentUrl\":\"https:\\\/\\\/www.burgundywinecompany.com\\\/home\\\/wp-content\\\/uploads\\\/2025\\\/03\\\/cropped-Norske-automater-white.png\",\"width\":600,\"height\":245,\"caption\":\"NorskeAutomater.com\"},\"image\":{\"@id\":\"https:\\\/\\\/www.burgundywinecompany.com\\\/home\\\/#\\\/schema\\\/logo\\\/image\\\/\"}}]}<\/script>\n<!-- \/ Yoast SEO plugin. -->","yoast_head_json":{"title":"Om oss - NorskeAutomater.com","description":"Her kan f\u00e5 mer informasjon om oss som driver NorskeAutomater.com.","robots":{"index":"index","follow":"follow","max-snippet":"max-snippet:-1","max-image-preview":"max-image-preview:large","max-video-preview":"max-video-preview:-1"},"canonical":"https:\/\/www.burgundywinecompany.com\/home\/om-oss\/","og_locale":"nb_NO","og_type":"article","og_title":"Om oss - NorskeAutomater.com","og_description":"Her kan f\u00e5 mer informasjon om oss som driver NorskeAutomater.com.","og_url":"https:\/\/www.burgundywinecompany.com\/home\/om-oss\/","og_site_name":"NorskeAutomater.com","twitter_card":"summary_large_image","twitter_misc":{"Ansl. lesetid":"4 minutter"},"schema":{"@context":"https:\/\/schema.org","@graph":[{"@type":"WebPage","@id":"https:\/\/www.burgundywinecompany.com\/home\/om-oss\/","url":"https:\/\/www.burgundywinecompany.com\/home\/om-oss\/","name":"Om oss - NorskeAutomater.com","isPartOf":{"@id":"https:\/\/www.burgundywinecompany.com\/home\/#website"},"datePublished":"2025-03-21T14:28:37+00:00","description":"Her kan f\u00e5 mer informasjon om oss som driver NorskeAutomater.com.","breadcrumb":{"@id":"https:\/\/www.burgundywinecompany.com\/home\/om-oss\/#breadcrumb"},"inLanguage":"nb-NO","potentialAction":[{"@type":"ReadAction","target":["https:\/\/www.burgundywinecompany.com\/home\/om-oss\/"]}]},{"@type":"BreadcrumbList","@id":"https:\/\/www.burgundywinecompany.com\/home\/om-oss\/#breadcrumb","itemListElement":[{"@type":"ListItem","position":1,"name":"Home","item":"https:\/\/www.burgundywinecompany.com\/home\/"},{"@type":"ListItem","position":2,"name":"Om oss"}]},{"@type":"WebSite","@id":"https:\/\/www.burgundywinecompany.com\/home\/#website","url":"https:\/\/www.burgundywinecompany.com\/home\/","name":"NorskeAutomater.com","description":"","publisher":{"@id":"https:\/\/www.burgundywinecompany.com\/home\/#organization"},"potentialAction":[{"@type":"SearchAction","target":{"@type":"EntryPoint","urlTemplate":"https:\/\/www.burgundywinecompany.com\/home\/?s={search_term_string}"},"query-input":{"@type":"PropertyValueSpecification","valueRequired":true,"valueName":"search_term_string"}}],"inLanguage":"nb-NO"},{"@type":"Organization","@id":"https:\/\/www.burgundywinecompany.com\/home\/#organization","name":"NorskeAutomater.com","url":"https:\/\/www.burgundywinecompany.com\/home\/","logo":{"@type":"ImageObject","inLanguage":"nb-NO","@id":"https:\/\/www.burgundywinecompany.com\/home\/#\/schema\/logo\/image\/","url":"https:\/\/www.burgundywinecompany.com\/home\/wp-content\/uploads\/2025\/03\/cropped-Norske-automater-white.png","contentUrl":"https:\/\/www.burgundywinecompany.com\/home\/wp-content\/uploads\/2025\/03\/cropped-Norske-automater-white.png","width":600,"height":245,"caption":"NorskeAutomater.com"},"image":{"@id":"https:\/\/www.burgundywinecompany.com\/home\/#\/schema\/logo\/image\/"}}]}},"_links":{"self":[{"href":"https:\/\/www.burgundywinecompany.com\/home\/wp-json\/wp\/v2\/pages\/60","targetHints":{"allow":["GET"]}}],"collection":[{"href":"https:\/\/www.burgundywinecompany.com\/home\/wp-json\/wp\/v2\/pages"}],"about":[{"href":"https:\/\/www.burgundywinecompany.com\/home\/wp-json\/wp\/v2\/types\/page"}],"author":[{"embeddable":true,"href":"https:\/\/www.burgundywinecompany.com\/home\/wp-json\/wp\/v2\/users\/1"}],"replies":[{"embeddable":true,"href":"https:\/\/www.burgundywinecompany.com\/home\/wp-json\/wp\/v2\/comments?post=60"}],"version-history":[{"count":1,"href":"https:\/\/www.burgundywinecompany.com\/home\/wp-json\/wp\/v2\/pages\/60\/revisions"}],"predecessor-version":[{"id":61,"href":"https:\/\/www.burgundywinecompany.com\/home\/wp-json\/wp\/v2\/pages\/60\/revisions\/61"}],"wp:attachment":[{"href":"https:\/\/www.burgundywinecompany.com\/home\/wp-json\/wp\/v2\/media?parent=60"}],"curies":[{"name":"wp","href":"https:\/\/api.w.org\/{rel}","templated":true}]}}