{"id":58,"date":"2025-03-21T15:27:28","date_gmt":"2025-03-21T14:27:28","guid":{"rendered":"https:\/\/www.burgundywinecompany.com\/home\/?page_id=58"},"modified":"2025-03-21T15:27:29","modified_gmt":"2025-03-21T14:27:29","slug":"regler-og-vilkar","status":"publish","type":"page","link":"https:\/\/www.burgundywinecompany.com\/home\/regler-og-vilkar\/","title":{"rendered":"Regler og vilk\u00e5r"},"content":{"rendered":"\n<h2 class=\"wp-block-heading\">Introduksjon<\/h2>\n\n\n\n<p><strong>1.1<\/strong>&nbsp;F\u00f8lgende regler og vilk\u00e5r gjelder n\u00e5r du bruker v\u00e5r nettside.<br><strong>1.2<\/strong>&nbsp;Ved \u00e5 bruke v\u00e5r nettside godtar du f\u00f8lgende regler og vilk\u00e5r i sin helhet, og tilsvarende, om du er uenige i disse regler og vilk\u00e5r eller deler av disse, skal du ikke bruke v\u00e5r nettside.<br><strong>1.3<\/strong>&nbsp;Hvis du skulle registrere deg p\u00e5 v\u00e5r nettside, laste opp noe materiale til v\u00e5r nettside eller bruke noen av v\u00e5re tjenester p\u00e5 v\u00e5r nettside vil vi uttrykkelige sp\u00f8rre om ditt samtykke om \u00e5 godta f\u00f8lgende regler og vilk\u00e5r.<br><strong>1.4<\/strong>&nbsp;Du m\u00e5 v\u00e6re minst 18 \u00e5r for \u00e5 bruke v\u00e5r nettside, og ved \u00e5 bruke v\u00e5r nettside eller ved \u00e5 godta disse regler og vilk\u00e5r, garanterer du og viser oss at du er minst 18 \u00e5r gammel.<\/p>\n\n\n\n<h2 class=\"wp-block-heading\">2. Merknader om opprettshav<\/h2>\n\n\n\n<p><strong>2.1<\/strong>\u00a0Opphavsrett (C) 2025 NorskeAutomater.com<br><strong>2.2<\/strong>\u00a0Med forbehold for de uttrykkelige bestemmelsene i disse vilk\u00e5rene:<\/p>\n\n\n\n<p>Vi, sammen med v\u00e5re samarbeidspartnere, eier og kontrollerer all opphavsrett og andre immaterielle rettigheter p\u00e5 v\u00e5r nettside og materialet p\u00e5 v\u00e5r nettside, og<br>All opphavsrett og andre immaterielle rettigheter p\u00e5 v\u00e5r nettside og materiellet p\u00e5 v\u00e5r nettside er forbeholdt.<\/p>\n\n\n\n<h2 class=\"wp-block-heading\">3. Tillatelse til \u00e5 bruke nettsiden<\/h2>\n\n\n\n<p><strong>3.1<\/strong>&nbsp;Du kan:<\/p>\n\n\n\n<p>* Lese \/ bruke v\u00e5re nettsiden gjennom en nettleser,<br>* Laste ned sider fra v\u00e5re nettsider for hurtigbufring i en nettleser<br>* Skrive ut sider fra v\u00e5r nettside for personlig og ikke-kommersiell bruk, gjennom \u00e5 bevise at slik printing ikke er systematisk eller overdreven.<br>* Streame lyd og videofiler fra v\u00e5r nettside gjennom \u00e5 bruke medieavspillere p\u00e5 v\u00e5r side, og<br>* Bruke tjenestene p\u00e5 v\u00e5re nettsider gjennom en nettleser i henhold til v\u00e5re regler og vilk\u00e5r.<\/p>\n\n\n\n<p><strong>3.2<\/strong>&nbsp;Med unntak av det som er tillatt i seksjon 3.1 og i henhold til de \u00f8vrige regler og vilk\u00e5r kan du ikke laste ned noe material fra v\u00e5r nettside eller lagre slikt materiale p\u00e5 din enhet.<\/p>\n\n\n\n<p><strong>3.3<\/strong>&nbsp;Med unntak av det som er uttrykkelig tillatt i disse regler og vilk\u00e5r skal du ikke endre eller p\u00e5 noen annen m\u00e5te modifisere noe materiell p\u00e5 v\u00e5r nettside.<\/p>\n\n\n\n<p><strong>3.4<\/strong>&nbsp;Med mindre du eier eller kontrollerer relevante rettigheter til materialet skal du ikke:<br>* Republisere materialet fra v\u00e5r nettside (inkluder republisere p\u00e5 en annen nettside)<br>* Selge, leie ut eller underlisensiere materiale fra v\u00e5r nettside<br>* Vise noe materiale fra v\u00e5r nettsted offentlig<br>* Utnytte materiale fra v\u00e5r nettside av kommersielle \u00e5rsaker, eller<br>* Redistribuere materiale fra v\u00e5r nettside.<\/p>\n\n\n\n<p><strong>3.5<\/strong>&nbsp;Med unntak av de nevnte momenter i seksjon 3.4 kan du redistribuere v\u00e5rt nyhetsbrev i utskrevet eller elektronisk form til hvem du m\u00e5tte \u00f8nske.<\/p>\n\n\n\n<p><strong>3.6<\/strong>&nbsp;Vi forbeholder oss rettigheten til \u00e5 suspendere eller gi begrenset tilgang til v\u00e5r nettside, til visse deler av v\u00e5r nettsider eller p\u00e5 gitte funksjoner p\u00e5 v\u00e5r nettside. Vi kan, for eksempel, suspendere tilgang til nettsiden hvis vi har vedlikehold p\u00e5 servere eller n\u00e5r vi oppdaterer nettsiden. Du skal ikke omg\u00e5 eller fors\u00f8ke \u00e5 omg\u00e5 slike begrensninger p\u00e5 nettsiden.<\/p>\n\n\n\n<h2 class=\"wp-block-heading\">4. Misbruk av nettsiden<\/h2>\n\n\n\n<p><strong>4.1<\/strong>&nbsp;Du kan ikke:<br>* Bruke v\u00e5r nettside p\u00e5 en m\u00e5te eller gjennomf\u00f8re handlinger som kan skape skade p\u00e5 nettsiden eller som svekker ytelsen, tilgjengeligheten, integriteten eller sikkerhet p\u00e5 nettsiden.<br>* Bruke nettsiden p\u00e5 en m\u00e5te som er ulovlig, falsk eller skadelig, eller i forbindelse med ulovlig, falsk eller skadelig intensjon eller handling.<br>* Hacke eller p\u00e5 annen m\u00e5te tukle med v\u00e5r nettside<br>* Unders\u00f8ke, scanne eller teste s\u00e5rbarheten av v\u00e5r nettside uten v\u00e5r tillatelse<br>* Omg\u00e5 enhver autentisering, sikkerhetssystem eller prosesser p\u00e5 eller i forbindelse til v\u00e5r nettside<br>* Bruke v\u00e5r nettside til \u00e5 kopiere, lagre, beverte \/ hoste, overf\u00f8re, sende, bruke, publisere eller distribuere noe materiell som best\u00e5r av eller er linket til spionprogramvare (spyware), datavirus, trojanske hester, ormer, keylogger, rootkit eller noen form for annen skadelig dataprogramvare.<br>* P\u00e5legge en urimelig stor vekt p\u00e5 v\u00e5re nettsides ressurser (inkludert b\u00e5ndbredde, lagringskapasitet eller prosesseringskapasitet<br>* Dekryptere eller dechiffrere noen kommunikasjon sendt av eller til v\u00e5r nettside uten tillatelse<br>* Gjennomf\u00f8re enhver systematisk eller automatisk datainnsamlingsaktivitet p\u00e5 eller i tilknytning til v\u00e5r nettside uten uttrykt skriftlig tillatelse<br>* Skaffe tilgang eller p\u00e5 noen annen m\u00e5te samhandle med v\u00e5r nettside ved bruk av robot, s\u00f8kerobot eller andre hjelpemidler, med unntak av et m\u00e5l om s\u00f8kemotorindeksering<br>* Bruke nettstedet v\u00e5rt unntatt ved hjelp av v\u00e5rt offentlige grensesnitt<br>* Bryte direktivene som er uttrykt i robots.txt filen for v\u00e5r nettside<br>* Bruke data innsamlet fra v\u00e5r nettsiden til noen form for direkte markedsf\u00f8ringsaktivitet<br>* Gj\u00f8re noe som forstyrrer den normale bruken av v\u00e5r nettside<\/p>\n\n\n\n<p><strong>4.2<\/strong>&nbsp;Du m\u00e5 forsikre om at all informasjon du gir til oss gjennom v\u00e5r nettside eller i forbindelse med v\u00e5r nettside er sann, korrekt, oppdatert, komplett og ikke villedende<\/p>\n\n\n\n<h2 class=\"wp-block-heading\">5. Affiliatelenker<\/h2>\n\n\n\n<p><strong>5.1<\/strong>&nbsp;V\u00e5r nettside inneholder lenker til tredjepartselgers nettsider som tilbyr varer og\/eller tjenester.<\/p>\n\n\n\n<p><strong>5.2<\/strong>&nbsp;Vi kan f\u00e5 godtgj\u00f8relse fra en tredjepart hvis du trykker\/klikker p\u00e5 den aktuelle tredjepartens link p\u00e5 v\u00e5r nettside og deretter gj\u00f8r et kj\u00f8p p\u00e5 denne tredjepartens nettside, eller om du bruker en relevant kode som er publisert p\u00e5 v\u00e5r nettside n\u00e5r du gj\u00f8r et kj\u00f8p p\u00e5 selgers nettside.<\/p>\n\n\n\n<p><strong>5.3<\/strong>&nbsp;Du anerkjenner at<br>* Vi ikke bestandig unders\u00f8ker \/ gjennomg\u00e5r tredjepartselgere<br>* Vi ikke alltid sjekker, reviderer, overv\u00e5ker eller kontrollerer: identiteten, kredittverdigheten eller bona fide av tredjepartselgere, sikkerheten til tredjepartselgeres nettsider eller n\u00f8yaktigheten i informasjonen som publiseres p\u00e5 tredjepartselgeres nettsider<br>* Vi ikke er part I noen kontrakt i forbindelse med salg eller kj\u00f8p av varer eller tjenester som er inng\u00e5tt mellom deg og tredjepartselger og,<br>* V\u00e5r nettside inneholder informasjon gitt oss av tredjepartselger og at vi ikke alltid sjekker, kontrollerer eller overv\u00e5ker n\u00f8yaktigheten i denne informasjonen og f\u00f8lgelig ikke er ansvarlig overfor deg i forbindelse med noen tap aller skade som oppst\u00e5r som f\u00f8lge av bruk av tredjepartselgers nettside, informasjon gitt av tredjepartselgers nettside, ethvert tilbud gitt av tredjepartselger eller enhver avtale\/kontrakt med tredjepartselger<\/p>\n\n\n\n<p><strong>5.4<\/strong>&nbsp;Vi er ikke ansvarlig for h\u00e5ndhevingen eller noen forpliktelser som oppst\u00e5r som en f\u00f8lge av en kontrakt mellom deg og en tredjepart, og vi har ingen forpliktelser til \u00e5 mekle mellom partene i et slikt kontraktsforhold.<\/p>\n\n\n\n<p><strong>5.5<\/strong>&nbsp;Bestemmelsene i seksjon 5 er underlagt avsnitt 13.1.<\/p>\n\n\n\n<h2 class=\"wp-block-heading\">6. V\u00e5re rettigheter til bruk av ditt innhold<\/h2>\n\n\n\n<p><strong>6.1<\/strong>&nbsp;I v\u00e5re regler og vilk\u00e5r betyr \u2018ditt innhold\u2019 alt arbeid og materiell, inkludert og uten begrensning tekst, grafikk, bilder, lydmateriale, videomateriale, audiovisuelt materiale, script, programvare og filer som du sender til oss eller til v\u00e5r nettside for lagring og publisering av, behandling av eller sendt via v\u00e5r nettside.<\/p>\n\n\n\n<p><strong>6.2<\/strong>&nbsp;Du gir oss en ubegrenset lisens (verdensomspennende, ugjenkallelig, ikke-eksklusiv og avgiftsfri) til \u00e5 kunne bruke, reprodusere, lagre, tilpasse, publisere, oversette og distribuere ditt innhold i alle eksisterende og fremtidige medier ELLER reprodusere, lagre og publisere ditt innhold p\u00e5 og i forbindelse med denne nettsiden eller en oppf\u00f8lger av nettsiden.<\/p>\n\n\n\n<h2 class=\"wp-block-heading\">7.0 Brudd p\u00e5 regler og vilk\u00e5r<\/h2>\n\n\n\n<p><strong>7.1<\/strong>&nbsp;Brudd p\u00e5 gjeldende regler og vilk\u00e5r vil f\u00f8re til at NorskeAutomater.com vil g\u00e5 til rettslige skritt.<\/p>\n","protected":false},"excerpt":{"rendered":"<p>Introduksjon 1.1&nbsp;F\u00f8lgende regler og vilk\u00e5r gjelder n\u00e5r du bruker v\u00e5r nettside.1.2&nbsp;Ved \u00e5 bruke v\u00e5r nettside godtar du f\u00f8lgende regler og vilk\u00e5r i sin helhet, og tilsvarende, om du er uenige i disse regler og vilk\u00e5r eller deler av disse, skal du ikke bruke v\u00e5r nettside.1.3&nbsp;Hvis du skulle registrere deg p\u00e5 v\u00e5r nettside, laste opp noe &#8230; <a title=\"Regler og vilk\u00e5r\" class=\"read-more\" href=\"https:\/\/www.burgundywinecompany.com\/home\/regler-og-vilkar\/\" aria-label=\"Read more about Regler og vilk\u00e5r\">Les mer<\/a><\/p>\n","protected":false},"author":1,"featured_media":0,"parent":0,"menu_order":0,"comment_status":"closed","ping_status":"closed","template":"","meta":{"_acf_changed":false,"footnotes":""},"class_list":["post-58","page","type-page","status-publish"],"acf":[],"yoast_head":"<!-- This site is optimized with the Yoast SEO plugin v27.3 - https:\/\/yoast.com\/product\/yoast-seo-wordpress\/ -->\n<title>Regler og vilk\u00e5r - NorskeAutomater.com<\/title>\n<meta name=\"description\" content=\"F\u00e5 oversikt over regler og vilk\u00e5r ved bruk av v\u00e5re nettsider. Vi har presentert alt p\u00e5 en ryddig og enkel m\u00e5te.\" \/>\n<meta name=\"robots\" content=\"index, follow, max-snippet:-1, max-image-preview:large, max-video-preview:-1\" \/>\n<link rel=\"canonical\" href=\"https:\/\/www.burgundywinecompany.com\/home\/regler-og-vilkar\/\" \/>\n<meta property=\"og:locale\" content=\"nb_NO\" \/>\n<meta property=\"og:type\" content=\"article\" \/>\n<meta property=\"og:title\" content=\"Regler og vilk\u00e5r - NorskeAutomater.com\" \/>\n<meta property=\"og:description\" content=\"F\u00e5 oversikt over regler og vilk\u00e5r ved bruk av v\u00e5re nettsider. Vi har presentert alt p\u00e5 en ryddig og enkel m\u00e5te.\" \/>\n<meta property=\"og:url\" content=\"https:\/\/www.burgundywinecompany.com\/home\/regler-og-vilkar\/\" \/>\n<meta property=\"og:site_name\" content=\"NorskeAutomater.com\" \/>\n<meta property=\"article:modified_time\" content=\"2025-03-21T14:27:29+00:00\" \/>\n<meta name=\"twitter:card\" content=\"summary_large_image\" \/>\n<meta name=\"twitter:label1\" content=\"Ansl. lesetid\" \/>\n\t<meta name=\"twitter:data1\" content=\"7 minutter\" \/>\n<script type=\"application\/ld+json\" class=\"yoast-schema-graph\">{\"@context\":\"https:\\\/\\\/schema.org\",\"@graph\":[{\"@type\":\"WebPage\",\"@id\":\"https:\\\/\\\/www.burgundywinecompany.com\\\/home\\\/regler-og-vilkar\\\/\",\"url\":\"https:\\\/\\\/www.burgundywinecompany.com\\\/home\\\/regler-og-vilkar\\\/\",\"name\":\"Regler og vilk\u00e5r - NorskeAutomater.com\",\"isPartOf\":{\"@id\":\"https:\\\/\\\/www.burgundywinecompany.com\\\/home\\\/#website\"},\"datePublished\":\"2025-03-21T14:27:28+00:00\",\"dateModified\":\"2025-03-21T14:27:29+00:00\",\"description\":\"F\u00e5 oversikt over regler og vilk\u00e5r ved bruk av v\u00e5re nettsider. Vi har presentert alt p\u00e5 en ryddig og enkel m\u00e5te.\",\"breadcrumb\":{\"@id\":\"https:\\\/\\\/www.burgundywinecompany.com\\\/home\\\/regler-og-vilkar\\\/#breadcrumb\"},\"inLanguage\":\"nb-NO\",\"potentialAction\":[{\"@type\":\"ReadAction\",\"target\":[\"https:\\\/\\\/www.burgundywinecompany.com\\\/home\\\/regler-og-vilkar\\\/\"]}]},{\"@type\":\"BreadcrumbList\",\"@id\":\"https:\\\/\\\/www.burgundywinecompany.com\\\/home\\\/regler-og-vilkar\\\/#breadcrumb\",\"itemListElement\":[{\"@type\":\"ListItem\",\"position\":1,\"name\":\"Home\",\"item\":\"https:\\\/\\\/www.burgundywinecompany.com\\\/home\\\/\"},{\"@type\":\"ListItem\",\"position\":2,\"name\":\"Regler og vilk\u00e5r\"}]},{\"@type\":\"WebSite\",\"@id\":\"https:\\\/\\\/www.burgundywinecompany.com\\\/home\\\/#website\",\"url\":\"https:\\\/\\\/www.burgundywinecompany.com\\\/home\\\/\",\"name\":\"NorskeAutomater.com\",\"description\":\"\",\"publisher\":{\"@id\":\"https:\\\/\\\/www.burgundywinecompany.com\\\/home\\\/#organization\"},\"potentialAction\":[{\"@type\":\"SearchAction\",\"target\":{\"@type\":\"EntryPoint\",\"urlTemplate\":\"https:\\\/\\\/www.burgundywinecompany.com\\\/home\\\/?s={search_term_string}\"},\"query-input\":{\"@type\":\"PropertyValueSpecification\",\"valueRequired\":true,\"valueName\":\"search_term_string\"}}],\"inLanguage\":\"nb-NO\"},{\"@type\":\"Organization\",\"@id\":\"https:\\\/\\\/www.burgundywinecompany.com\\\/home\\\/#organization\",\"name\":\"NorskeAutomater.com\",\"url\":\"https:\\\/\\\/www.burgundywinecompany.com\\\/home\\\/\",\"logo\":{\"@type\":\"ImageObject\",\"inLanguage\":\"nb-NO\",\"@id\":\"https:\\\/\\\/www.burgundywinecompany.com\\\/home\\\/#\\\/schema\\\/logo\\\/image\\\/\",\"url\":\"https:\\\/\\\/www.burgundywinecompany.com\\\/home\\\/wp-content\\\/uploads\\\/2025\\\/03\\\/cropped-Norske-automater-white.png\",\"contentUrl\":\"https:\\\/\\\/www.burgundywinecompany.com\\\/home\\\/wp-content\\\/uploads\\\/2025\\\/03\\\/cropped-Norske-automater-white.png\",\"width\":600,\"height\":245,\"caption\":\"NorskeAutomater.com\"},\"image\":{\"@id\":\"https:\\\/\\\/www.burgundywinecompany.com\\\/home\\\/#\\\/schema\\\/logo\\\/image\\\/\"}}]}<\/script>\n<!-- \/ Yoast SEO plugin. -->","yoast_head_json":{"title":"Regler og vilk\u00e5r - NorskeAutomater.com","description":"F\u00e5 oversikt over regler og vilk\u00e5r ved bruk av v\u00e5re nettsider. Vi har presentert alt p\u00e5 en ryddig og enkel m\u00e5te.","robots":{"index":"index","follow":"follow","max-snippet":"max-snippet:-1","max-image-preview":"max-image-preview:large","max-video-preview":"max-video-preview:-1"},"canonical":"https:\/\/www.burgundywinecompany.com\/home\/regler-og-vilkar\/","og_locale":"nb_NO","og_type":"article","og_title":"Regler og vilk\u00e5r - NorskeAutomater.com","og_description":"F\u00e5 oversikt over regler og vilk\u00e5r ved bruk av v\u00e5re nettsider. Vi har presentert alt p\u00e5 en ryddig og enkel m\u00e5te.","og_url":"https:\/\/www.burgundywinecompany.com\/home\/regler-og-vilkar\/","og_site_name":"NorskeAutomater.com","article_modified_time":"2025-03-21T14:27:29+00:00","twitter_card":"summary_large_image","twitter_misc":{"Ansl. lesetid":"7 minutter"},"schema":{"@context":"https:\/\/schema.org","@graph":[{"@type":"WebPage","@id":"https:\/\/www.burgundywinecompany.com\/home\/regler-og-vilkar\/","url":"https:\/\/www.burgundywinecompany.com\/home\/regler-og-vilkar\/","name":"Regler og vilk\u00e5r - NorskeAutomater.com","isPartOf":{"@id":"https:\/\/www.burgundywinecompany.com\/home\/#website"},"datePublished":"2025-03-21T14:27:28+00:00","dateModified":"2025-03-21T14:27:29+00:00","description":"F\u00e5 oversikt over regler og vilk\u00e5r ved bruk av v\u00e5re nettsider. Vi har presentert alt p\u00e5 en ryddig og enkel m\u00e5te.","breadcrumb":{"@id":"https:\/\/www.burgundywinecompany.com\/home\/regler-og-vilkar\/#breadcrumb"},"inLanguage":"nb-NO","potentialAction":[{"@type":"ReadAction","target":["https:\/\/www.burgundywinecompany.com\/home\/regler-og-vilkar\/"]}]},{"@type":"BreadcrumbList","@id":"https:\/\/www.burgundywinecompany.com\/home\/regler-og-vilkar\/#breadcrumb","itemListElement":[{"@type":"ListItem","position":1,"name":"Home","item":"https:\/\/www.burgundywinecompany.com\/home\/"},{"@type":"ListItem","position":2,"name":"Regler og vilk\u00e5r"}]},{"@type":"WebSite","@id":"https:\/\/www.burgundywinecompany.com\/home\/#website","url":"https:\/\/www.burgundywinecompany.com\/home\/","name":"NorskeAutomater.com","description":"","publisher":{"@id":"https:\/\/www.burgundywinecompany.com\/home\/#organization"},"potentialAction":[{"@type":"SearchAction","target":{"@type":"EntryPoint","urlTemplate":"https:\/\/www.burgundywinecompany.com\/home\/?s={search_term_string}"},"query-input":{"@type":"PropertyValueSpecification","valueRequired":true,"valueName":"search_term_string"}}],"inLanguage":"nb-NO"},{"@type":"Organization","@id":"https:\/\/www.burgundywinecompany.com\/home\/#organization","name":"NorskeAutomater.com","url":"https:\/\/www.burgundywinecompany.com\/home\/","logo":{"@type":"ImageObject","inLanguage":"nb-NO","@id":"https:\/\/www.burgundywinecompany.com\/home\/#\/schema\/logo\/image\/","url":"https:\/\/www.burgundywinecompany.com\/home\/wp-content\/uploads\/2025\/03\/cropped-Norske-automater-white.png","contentUrl":"https:\/\/www.burgundywinecompany.com\/home\/wp-content\/uploads\/2025\/03\/cropped-Norske-automater-white.png","width":600,"height":245,"caption":"NorskeAutomater.com"},"image":{"@id":"https:\/\/www.burgundywinecompany.com\/home\/#\/schema\/logo\/image\/"}}]}},"_links":{"self":[{"href":"https:\/\/www.burgundywinecompany.com\/home\/wp-json\/wp\/v2\/pages\/58","targetHints":{"allow":["GET"]}}],"collection":[{"href":"https:\/\/www.burgundywinecompany.com\/home\/wp-json\/wp\/v2\/pages"}],"about":[{"href":"https:\/\/www.burgundywinecompany.com\/home\/wp-json\/wp\/v2\/types\/page"}],"author":[{"embeddable":true,"href":"https:\/\/www.burgundywinecompany.com\/home\/wp-json\/wp\/v2\/users\/1"}],"replies":[{"embeddable":true,"href":"https:\/\/www.burgundywinecompany.com\/home\/wp-json\/wp\/v2\/comments?post=58"}],"version-history":[{"count":1,"href":"https:\/\/www.burgundywinecompany.com\/home\/wp-json\/wp\/v2\/pages\/58\/revisions"}],"predecessor-version":[{"id":59,"href":"https:\/\/www.burgundywinecompany.com\/home\/wp-json\/wp\/v2\/pages\/58\/revisions\/59"}],"wp:attachment":[{"href":"https:\/\/www.burgundywinecompany.com\/home\/wp-json\/wp\/v2\/media?parent=58"}],"curies":[{"name":"wp","href":"https:\/\/api.w.org\/{rel}","templated":true}]}}