{"id":56,"date":"2025-03-21T15:25:28","date_gmt":"2025-03-21T14:25:28","guid":{"rendered":"https:\/\/www.burgundywinecompany.com\/home\/?page_id=56"},"modified":"2025-03-21T15:25:28","modified_gmt":"2025-03-21T14:25:28","slug":"sikkerhet","status":"publish","type":"page","link":"https:\/\/www.burgundywinecompany.com\/home\/sikkerhet\/","title":{"rendered":"Sikkerhet"},"content":{"rendered":"\n<p><strong>I dagens internettverden er det knapt noe som er viktigere enn sikkerhet for de bruker nettsider, og dette er derfor v\u00e5r h\u00f8yeste prioritet her p\u00e5 NorskeAutomater.com. Vi gj\u00f8r alt for at din sikkerhet er inntakt hos oss, og det er derfor vi i minst mulig grad samler inn privat informasjon om deg.<\/strong><\/p>\n\n\n\n<p>Nettsidene v\u00e5re bruker SSL \u2013 secure socket layer \u2013 og dette ser du ved \u00e5 klikke p\u00e5 hengel\u00e5sen som st\u00e5r til venstre for nettadressen v\u00e5r i adressefeltet. SSL er det samme systemet for sikkerhet som brukes av banker. Du kan ogs\u00e5 se det p\u00e5 selve nettadressen ved at det st\u00e5r https i stedet for kun http. Https inneb\u00e6rer rett og slett at nettstedet har en tilstedev\u00e6relse av et SSL-sertifikat, og https er derfor mer sikkert enn http.<\/p>\n\n\n\n<h2 class=\"wp-block-heading\">Personlig informasjon<\/h2>\n\n\n\n<p>Som sagt s\u00e5 samler vi inn minimalt med privat informasjon om deg, og det eneste vi mottar kommer med godkjennelse fra deg n\u00e5r du melder deg opp til v\u00e5rt nyhetsbrev. Dette er informasjon som lagres p\u00e5 eksterne og helt sikre servere hos v\u00e5re leverand\u00f8rer av nyhetsbrev-tjenesten.<\/p>\n\n\n\n<p>Vi vil heller aldri sende deg kommunikasjon hvor vi ettersp\u00f8r personlig informasjon, passord eller slike ting.<\/p>\n\n\n\n<h2 class=\"wp-block-heading\">Ingen nedlastinger<\/h2>\n\n\n\n<p>Vi tilbyr ikke spill med ekte penger og det er s\u00e5ledes ingen behov for at du skal oppgi noen personlig informasjon til oss. Alle spillene vil tilbyr for gratis spill her p\u00e5 NorskeAutomater.com spilles direkte i din nettleser p\u00e5 datamaskinen, telefonen eller p\u00e5 mobilen.<\/p>\n\n\n\n<p>Det er derfor ingen behov for at du skal laste ned og installere noen egen software \/ programvare for \u00e5 bruke v\u00e5re tjenester.<\/p>\n","protected":false},"excerpt":{"rendered":"<p>I dagens internettverden er det knapt noe som er viktigere enn sikkerhet for de bruker nettsider, og dette er derfor v\u00e5r h\u00f8yeste prioritet her p\u00e5 NorskeAutomater.com. Vi gj\u00f8r alt for at din sikkerhet er inntakt hos oss, og det er derfor vi i minst mulig grad samler inn privat informasjon om deg. Nettsidene v\u00e5re bruker &#8230; <a title=\"Sikkerhet\" class=\"read-more\" href=\"https:\/\/www.burgundywinecompany.com\/home\/sikkerhet\/\" aria-label=\"Read more about Sikkerhet\">Les mer<\/a><\/p>\n","protected":false},"author":1,"featured_media":0,"parent":0,"menu_order":0,"comment_status":"closed","ping_status":"closed","template":"","meta":{"_acf_changed":false,"footnotes":""},"class_list":["post-56","page","type-page","status-publish"],"acf":[],"yoast_head":"<!-- This site is optimized with the Yoast SEO plugin v27.3 - https:\/\/yoast.com\/product\/yoast-seo-wordpress\/ -->\n<title>Sikkerhet p\u00e5 v\u00e5re sider<\/title>\n<meta name=\"description\" content=\"F\u00e5 informasjon om sikkerhet med tanke p\u00e5 bruken av NorskeAutomater.com.\" \/>\n<meta name=\"robots\" content=\"index, follow, max-snippet:-1, max-image-preview:large, max-video-preview:-1\" \/>\n<link rel=\"canonical\" href=\"https:\/\/www.burgundywinecompany.com\/home\/sikkerhet\/\" \/>\n<meta property=\"og:locale\" content=\"nb_NO\" \/>\n<meta property=\"og:type\" content=\"article\" \/>\n<meta property=\"og:title\" content=\"Sikkerhet p\u00e5 v\u00e5re sider\" \/>\n<meta property=\"og:description\" content=\"F\u00e5 informasjon om sikkerhet med tanke p\u00e5 bruken av NorskeAutomater.com.\" \/>\n<meta property=\"og:url\" content=\"https:\/\/www.burgundywinecompany.com\/home\/sikkerhet\/\" \/>\n<meta property=\"og:site_name\" content=\"NorskeAutomater.com\" \/>\n<meta name=\"twitter:card\" content=\"summary_large_image\" \/>\n<meta name=\"twitter:label1\" content=\"Ansl. lesetid\" \/>\n\t<meta name=\"twitter:data1\" content=\"2 minutter\" \/>\n<script type=\"application\/ld+json\" class=\"yoast-schema-graph\">{\"@context\":\"https:\\\/\\\/schema.org\",\"@graph\":[{\"@type\":\"WebPage\",\"@id\":\"https:\\\/\\\/www.burgundywinecompany.com\\\/home\\\/sikkerhet\\\/\",\"url\":\"https:\\\/\\\/www.burgundywinecompany.com\\\/home\\\/sikkerhet\\\/\",\"name\":\"Sikkerhet p\u00e5 v\u00e5re sider\",\"isPartOf\":{\"@id\":\"https:\\\/\\\/www.burgundywinecompany.com\\\/home\\\/#website\"},\"datePublished\":\"2025-03-21T14:25:28+00:00\",\"description\":\"F\u00e5 informasjon om sikkerhet med tanke p\u00e5 bruken av NorskeAutomater.com.\",\"breadcrumb\":{\"@id\":\"https:\\\/\\\/www.burgundywinecompany.com\\\/home\\\/sikkerhet\\\/#breadcrumb\"},\"inLanguage\":\"nb-NO\",\"potentialAction\":[{\"@type\":\"ReadAction\",\"target\":[\"https:\\\/\\\/www.burgundywinecompany.com\\\/home\\\/sikkerhet\\\/\"]}]},{\"@type\":\"BreadcrumbList\",\"@id\":\"https:\\\/\\\/www.burgundywinecompany.com\\\/home\\\/sikkerhet\\\/#breadcrumb\",\"itemListElement\":[{\"@type\":\"ListItem\",\"position\":1,\"name\":\"Home\",\"item\":\"https:\\\/\\\/www.burgundywinecompany.com\\\/home\\\/\"},{\"@type\":\"ListItem\",\"position\":2,\"name\":\"Sikkerhet\"}]},{\"@type\":\"WebSite\",\"@id\":\"https:\\\/\\\/www.burgundywinecompany.com\\\/home\\\/#website\",\"url\":\"https:\\\/\\\/www.burgundywinecompany.com\\\/home\\\/\",\"name\":\"NorskeAutomater.com\",\"description\":\"\",\"publisher\":{\"@id\":\"https:\\\/\\\/www.burgundywinecompany.com\\\/home\\\/#organization\"},\"potentialAction\":[{\"@type\":\"SearchAction\",\"target\":{\"@type\":\"EntryPoint\",\"urlTemplate\":\"https:\\\/\\\/www.burgundywinecompany.com\\\/home\\\/?s={search_term_string}\"},\"query-input\":{\"@type\":\"PropertyValueSpecification\",\"valueRequired\":true,\"valueName\":\"search_term_string\"}}],\"inLanguage\":\"nb-NO\"},{\"@type\":\"Organization\",\"@id\":\"https:\\\/\\\/www.burgundywinecompany.com\\\/home\\\/#organization\",\"name\":\"NorskeAutomater.com\",\"url\":\"https:\\\/\\\/www.burgundywinecompany.com\\\/home\\\/\",\"logo\":{\"@type\":\"ImageObject\",\"inLanguage\":\"nb-NO\",\"@id\":\"https:\\\/\\\/www.burgundywinecompany.com\\\/home\\\/#\\\/schema\\\/logo\\\/image\\\/\",\"url\":\"https:\\\/\\\/www.burgundywinecompany.com\\\/home\\\/wp-content\\\/uploads\\\/2025\\\/03\\\/cropped-Norske-automater-white.png\",\"contentUrl\":\"https:\\\/\\\/www.burgundywinecompany.com\\\/home\\\/wp-content\\\/uploads\\\/2025\\\/03\\\/cropped-Norske-automater-white.png\",\"width\":600,\"height\":245,\"caption\":\"NorskeAutomater.com\"},\"image\":{\"@id\":\"https:\\\/\\\/www.burgundywinecompany.com\\\/home\\\/#\\\/schema\\\/logo\\\/image\\\/\"}}]}<\/script>\n<!-- \/ Yoast SEO plugin. -->","yoast_head_json":{"title":"Sikkerhet p\u00e5 v\u00e5re sider","description":"F\u00e5 informasjon om sikkerhet med tanke p\u00e5 bruken av NorskeAutomater.com.","robots":{"index":"index","follow":"follow","max-snippet":"max-snippet:-1","max-image-preview":"max-image-preview:large","max-video-preview":"max-video-preview:-1"},"canonical":"https:\/\/www.burgundywinecompany.com\/home\/sikkerhet\/","og_locale":"nb_NO","og_type":"article","og_title":"Sikkerhet p\u00e5 v\u00e5re sider","og_description":"F\u00e5 informasjon om sikkerhet med tanke p\u00e5 bruken av NorskeAutomater.com.","og_url":"https:\/\/www.burgundywinecompany.com\/home\/sikkerhet\/","og_site_name":"NorskeAutomater.com","twitter_card":"summary_large_image","twitter_misc":{"Ansl. lesetid":"2 minutter"},"schema":{"@context":"https:\/\/schema.org","@graph":[{"@type":"WebPage","@id":"https:\/\/www.burgundywinecompany.com\/home\/sikkerhet\/","url":"https:\/\/www.burgundywinecompany.com\/home\/sikkerhet\/","name":"Sikkerhet p\u00e5 v\u00e5re sider","isPartOf":{"@id":"https:\/\/www.burgundywinecompany.com\/home\/#website"},"datePublished":"2025-03-21T14:25:28+00:00","description":"F\u00e5 informasjon om sikkerhet med tanke p\u00e5 bruken av NorskeAutomater.com.","breadcrumb":{"@id":"https:\/\/www.burgundywinecompany.com\/home\/sikkerhet\/#breadcrumb"},"inLanguage":"nb-NO","potentialAction":[{"@type":"ReadAction","target":["https:\/\/www.burgundywinecompany.com\/home\/sikkerhet\/"]}]},{"@type":"BreadcrumbList","@id":"https:\/\/www.burgundywinecompany.com\/home\/sikkerhet\/#breadcrumb","itemListElement":[{"@type":"ListItem","position":1,"name":"Home","item":"https:\/\/www.burgundywinecompany.com\/home\/"},{"@type":"ListItem","position":2,"name":"Sikkerhet"}]},{"@type":"WebSite","@id":"https:\/\/www.burgundywinecompany.com\/home\/#website","url":"https:\/\/www.burgundywinecompany.com\/home\/","name":"NorskeAutomater.com","description":"","publisher":{"@id":"https:\/\/www.burgundywinecompany.com\/home\/#organization"},"potentialAction":[{"@type":"SearchAction","target":{"@type":"EntryPoint","urlTemplate":"https:\/\/www.burgundywinecompany.com\/home\/?s={search_term_string}"},"query-input":{"@type":"PropertyValueSpecification","valueRequired":true,"valueName":"search_term_string"}}],"inLanguage":"nb-NO"},{"@type":"Organization","@id":"https:\/\/www.burgundywinecompany.com\/home\/#organization","name":"NorskeAutomater.com","url":"https:\/\/www.burgundywinecompany.com\/home\/","logo":{"@type":"ImageObject","inLanguage":"nb-NO","@id":"https:\/\/www.burgundywinecompany.com\/home\/#\/schema\/logo\/image\/","url":"https:\/\/www.burgundywinecompany.com\/home\/wp-content\/uploads\/2025\/03\/cropped-Norske-automater-white.png","contentUrl":"https:\/\/www.burgundywinecompany.com\/home\/wp-content\/uploads\/2025\/03\/cropped-Norske-automater-white.png","width":600,"height":245,"caption":"NorskeAutomater.com"},"image":{"@id":"https:\/\/www.burgundywinecompany.com\/home\/#\/schema\/logo\/image\/"}}]}},"_links":{"self":[{"href":"https:\/\/www.burgundywinecompany.com\/home\/wp-json\/wp\/v2\/pages\/56","targetHints":{"allow":["GET"]}}],"collection":[{"href":"https:\/\/www.burgundywinecompany.com\/home\/wp-json\/wp\/v2\/pages"}],"about":[{"href":"https:\/\/www.burgundywinecompany.com\/home\/wp-json\/wp\/v2\/types\/page"}],"author":[{"embeddable":true,"href":"https:\/\/www.burgundywinecompany.com\/home\/wp-json\/wp\/v2\/users\/1"}],"replies":[{"embeddable":true,"href":"https:\/\/www.burgundywinecompany.com\/home\/wp-json\/wp\/v2\/comments?post=56"}],"version-history":[{"count":1,"href":"https:\/\/www.burgundywinecompany.com\/home\/wp-json\/wp\/v2\/pages\/56\/revisions"}],"predecessor-version":[{"id":57,"href":"https:\/\/www.burgundywinecompany.com\/home\/wp-json\/wp\/v2\/pages\/56\/revisions\/57"}],"wp:attachment":[{"href":"https:\/\/www.burgundywinecompany.com\/home\/wp-json\/wp\/v2\/media?parent=56"}],"curies":[{"name":"wp","href":"https:\/\/api.w.org\/{rel}","templated":true}]}}