{"id":54,"date":"2025-03-21T15:24:29","date_gmt":"2025-03-21T14:24:29","guid":{"rendered":"https:\/\/www.burgundywinecompany.com\/home\/?page_id=54"},"modified":"2025-03-21T15:24:29","modified_gmt":"2025-03-21T14:24:29","slug":"retningslinjer-for-annonsering","status":"publish","type":"page","link":"https:\/\/www.burgundywinecompany.com\/home\/retningslinjer-for-annonsering\/","title":{"rendered":"Retningslinjer for annonsering"},"content":{"rendered":"\n<p><strong>NorskeAutomater.com er en affiliateside med casinoinnhold og annonser.<\/strong><\/p>\n\n\n\n<h2 class=\"wp-block-heading\">Hvordan fungerer v\u00e5r affiliatevirksomhet?<\/h2>\n\n\n\n<p>At NorskeAutomater.com er en casino affiliatevirksomhet inneb\u00e6rer at de casinoene du finner omtaler og reklame for p\u00e5 disse sidene tilbyr oss godtgj\u00f8relser for at vi henviser deg som leser til deres nettsteder.<\/p>\n\n\n\n<p>Det fungerer slik at om du trykker p\u00e5 en lenke som g\u00e5r til et casino blir du tatt med til det respektive casinoets hjemmesider. N\u00e5r du registrerer deg en konto der og setter inn penger vil dette utl\u00f8se en godtgj\u00f8relse som casinoet betaler ut til oss. Dette inneb\u00e6rer ogs\u00e5 at vi mottar godtgj\u00f8relser etter hvert som du fortsetter \u00e5 spille i det aktuelle casinoet.<\/p>\n\n\n\n<p>Teknologien som ligger bak dette er enkel: hver samarbeidspartner tildeler oss en unik lenke som vi bruker n\u00e5r vi henviser lesere til det aktuelle casinoet. Dette er en sporingslink og p\u00e5 fagspr\u00e5ket kalles dette for en \u2018tracker\u2019. N\u00e5r du som leser klikker p\u00e5 en slik lenke p\u00e5 v\u00e5re sider vil du da i det aktuelle casinoet v\u00e6re registrert som henvist fra oss \u2013 alts\u00e5 NorskeAutomater.com.<\/p>\n\n\n\n<h2 class=\"wp-block-heading\">Ingen personlig informasjon om deg<\/h2>\n\n\n\n<p>Det er viktig at du er innforst\u00e5tt med at denne praksisen ikke gir oss noen personlig informasjon eller andre opplysninger om deg i v\u00e5re datasystemer. V\u00e5re samarbeidspartnerne driver ogs\u00e5 under strenge reguleringer og lisenser og vi mottar s\u00e5ledes heller ingen personlig informasjon eller andre opplysninger om deg fra v\u00e5re partnere.<\/p>\n\n\n\n<h2 class=\"wp-block-heading\">Selvstendig og uavhengig<\/h2>\n\n\n\n<p>Det er lett \u00e5 anta at man som bes\u00f8kende p\u00e5 en affiliateside vil f\u00e5 presentert innhold som er ubalansert og partisk, og dette har vi forst\u00e5else for. Vi har som m\u00e5lsetting \u00e5 presentere omtaler av casinoer som er er \u00e6rlige og uavhengige, og det er en enkel \u00e5rsak til det: hvis du som leser ikke kan stole p\u00e5 v\u00e5rt innhold risikerer vi at du ikke kommer tilbake til oss \u2013 og det \u00f8nsker vi virkelig ikke.<\/p>\n\n\n\n<p>Du vil derfor finne 100% uavhengige omtaler av casinoer p\u00e5 NorskeAutomater.com og du kan ogs\u00e5 v\u00e6re trygg p\u00e5 at alle de casinoene vi presenterer for deg har v\u00e6rt grundig testet.<\/p>\n\n\n\n<p>Vi \u00f8nsker enkelt og greit \u00e5 v\u00e6re det beste alternativet hvor du kan finne oppdatert informasjon, tips og r\u00e5d om casinospill p\u00e5 nett, og for at vi skal kunne bli det er vi avhengige av \u00e5 ha din tillit som leser \u2013 noe vi kun f\u00e5r gjennom \u00e5 v\u00e6re 100% \u00e6rlige og uavhengige i v\u00e5rt arbeid.<\/p>\n\n\n\n<p>Ved \u00e5 ha en slik praksis er vi ogs\u00e5 i stand til \u00e5 p\u00e5virke v\u00e5re samarbeidspartnere til \u00e5 endre seg i positiv retning, og dette er en p\u00e5virkningskraft som vi bruker kontinuerlig.<\/p>\n\n\n\n<p>Det er ressurskrevende, men det er viktig at vi sender v\u00e5re lesere til casinoer som er trygge og som leverer rettferdige og gode brukeropplevelser.<\/p>\n\n\n\n<p>Med et slikt utgangspunkt er du derfor sikret at ingenting av innholdet som du finner presentert p\u00e5 denne siden er sponset av v\u00e5re samarbeidspartnere. Det er skribentenes egne meninger og vurderinger som ligger til grunn.<\/p>\n\n\n\n<h2 class=\"wp-block-heading\">Mange valgmuligheter \u2013 selektiv utvelgelse<\/h2>\n\n\n\n<p>Hvis du har v\u00e6rt p\u00e5 utkikk etter et online casino \u00e5 spille p\u00e5 s\u00e5 har du kanskje opplevd at utvalget er enormt stort. Dette har du naturligvis helt rett i og selv om det mange omtaler p\u00e5 v\u00e5re sider s\u00e5 er det slik at vi bare har skrapt i overflaten.<\/p>\n\n\n\n<p>Vi er imidlertid selektive n\u00e5r det gjelder hvem vi \u00f8nsker \u00e5 samarbeide med og vi gj\u00f8r n\u00f8ye vurderinger p\u00e5 hvem vi vil trekke inn i varmen her, og igjen er det v\u00e5rt ansvar overfor deg som spiller som st\u00e5r sentralt. Vi \u00f8nsker kun \u00e5 tilby deg de beste alternativene samt at det som skal v\u00e6re rettferdige vilk\u00e5r for deg.<\/p>\n\n\n\n<p>Til slutt retter vi en stor takk til deg som bruker av v\u00e5re sider og vi kan love deg et transparent og \u00e6rlig produkt.<\/p>\n","protected":false},"excerpt":{"rendered":"<p>NorskeAutomater.com er en affiliateside med casinoinnhold og annonser. Hvordan fungerer v\u00e5r affiliatevirksomhet? At NorskeAutomater.com er en casino affiliatevirksomhet inneb\u00e6rer at de casinoene du finner omtaler og reklame for p\u00e5 disse sidene tilbyr oss godtgj\u00f8relser for at vi henviser deg som leser til deres nettsteder. Det fungerer slik at om du trykker p\u00e5 en lenke som &#8230; <a title=\"Retningslinjer for annonsering\" class=\"read-more\" href=\"https:\/\/www.burgundywinecompany.com\/home\/retningslinjer-for-annonsering\/\" aria-label=\"Read more about Retningslinjer for annonsering\">Les mer<\/a><\/p>\n","protected":false},"author":1,"featured_media":0,"parent":0,"menu_order":0,"comment_status":"closed","ping_status":"closed","template":"","meta":{"_acf_changed":false,"footnotes":""},"class_list":["post-54","page","type-page","status-publish"],"acf":[],"yoast_head":"<!-- This site is optimized with the Yoast SEO plugin v27.3 - https:\/\/yoast.com\/product\/yoast-seo-wordpress\/ -->\n<title>Retningslinjer for annonsering - NorskeAutomater.com<\/title>\n<meta name=\"description\" content=\"Les v\u00e5re retninglsinjer for annonsering. NorskeAutomater er en affiliateside som tjener penger p\u00e5 klikk p\u00e5 v\u00e5re annonser.\" \/>\n<meta name=\"robots\" content=\"index, follow, max-snippet:-1, max-image-preview:large, max-video-preview:-1\" \/>\n<link rel=\"canonical\" href=\"https:\/\/www.burgundywinecompany.com\/home\/retningslinjer-for-annonsering\/\" \/>\n<meta property=\"og:locale\" content=\"nb_NO\" \/>\n<meta property=\"og:type\" content=\"article\" \/>\n<meta property=\"og:title\" content=\"Retningslinjer for annonsering - NorskeAutomater.com\" \/>\n<meta property=\"og:description\" content=\"Les v\u00e5re retninglsinjer for annonsering. NorskeAutomater er en affiliateside som tjener penger p\u00e5 klikk p\u00e5 v\u00e5re annonser.\" \/>\n<meta property=\"og:url\" content=\"https:\/\/www.burgundywinecompany.com\/home\/retningslinjer-for-annonsering\/\" \/>\n<meta property=\"og:site_name\" content=\"NorskeAutomater.com\" \/>\n<meta name=\"twitter:card\" content=\"summary_large_image\" \/>\n<meta name=\"twitter:label1\" content=\"Ansl. lesetid\" \/>\n\t<meta name=\"twitter:data1\" content=\"4 minutter\" \/>\n<script type=\"application\/ld+json\" class=\"yoast-schema-graph\">{\"@context\":\"https:\\\/\\\/schema.org\",\"@graph\":[{\"@type\":\"WebPage\",\"@id\":\"https:\\\/\\\/www.burgundywinecompany.com\\\/home\\\/retningslinjer-for-annonsering\\\/\",\"url\":\"https:\\\/\\\/www.burgundywinecompany.com\\\/home\\\/retningslinjer-for-annonsering\\\/\",\"name\":\"Retningslinjer for annonsering - NorskeAutomater.com\",\"isPartOf\":{\"@id\":\"https:\\\/\\\/www.burgundywinecompany.com\\\/home\\\/#website\"},\"datePublished\":\"2025-03-21T14:24:29+00:00\",\"description\":\"Les v\u00e5re retninglsinjer for annonsering. NorskeAutomater er en affiliateside som tjener penger p\u00e5 klikk p\u00e5 v\u00e5re annonser.\",\"breadcrumb\":{\"@id\":\"https:\\\/\\\/www.burgundywinecompany.com\\\/home\\\/retningslinjer-for-annonsering\\\/#breadcrumb\"},\"inLanguage\":\"nb-NO\",\"potentialAction\":[{\"@type\":\"ReadAction\",\"target\":[\"https:\\\/\\\/www.burgundywinecompany.com\\\/home\\\/retningslinjer-for-annonsering\\\/\"]}]},{\"@type\":\"BreadcrumbList\",\"@id\":\"https:\\\/\\\/www.burgundywinecompany.com\\\/home\\\/retningslinjer-for-annonsering\\\/#breadcrumb\",\"itemListElement\":[{\"@type\":\"ListItem\",\"position\":1,\"name\":\"Home\",\"item\":\"https:\\\/\\\/www.burgundywinecompany.com\\\/home\\\/\"},{\"@type\":\"ListItem\",\"position\":2,\"name\":\"Retningslinjer for annonsering\"}]},{\"@type\":\"WebSite\",\"@id\":\"https:\\\/\\\/www.burgundywinecompany.com\\\/home\\\/#website\",\"url\":\"https:\\\/\\\/www.burgundywinecompany.com\\\/home\\\/\",\"name\":\"NorskeAutomater.com\",\"description\":\"\",\"publisher\":{\"@id\":\"https:\\\/\\\/www.burgundywinecompany.com\\\/home\\\/#organization\"},\"potentialAction\":[{\"@type\":\"SearchAction\",\"target\":{\"@type\":\"EntryPoint\",\"urlTemplate\":\"https:\\\/\\\/www.burgundywinecompany.com\\\/home\\\/?s={search_term_string}\"},\"query-input\":{\"@type\":\"PropertyValueSpecification\",\"valueRequired\":true,\"valueName\":\"search_term_string\"}}],\"inLanguage\":\"nb-NO\"},{\"@type\":\"Organization\",\"@id\":\"https:\\\/\\\/www.burgundywinecompany.com\\\/home\\\/#organization\",\"name\":\"NorskeAutomater.com\",\"url\":\"https:\\\/\\\/www.burgundywinecompany.com\\\/home\\\/\",\"logo\":{\"@type\":\"ImageObject\",\"inLanguage\":\"nb-NO\",\"@id\":\"https:\\\/\\\/www.burgundywinecompany.com\\\/home\\\/#\\\/schema\\\/logo\\\/image\\\/\",\"url\":\"https:\\\/\\\/www.burgundywinecompany.com\\\/home\\\/wp-content\\\/uploads\\\/2025\\\/03\\\/cropped-Norske-automater-white.png\",\"contentUrl\":\"https:\\\/\\\/www.burgundywinecompany.com\\\/home\\\/wp-content\\\/uploads\\\/2025\\\/03\\\/cropped-Norske-automater-white.png\",\"width\":600,\"height\":245,\"caption\":\"NorskeAutomater.com\"},\"image\":{\"@id\":\"https:\\\/\\\/www.burgundywinecompany.com\\\/home\\\/#\\\/schema\\\/logo\\\/image\\\/\"}}]}<\/script>\n<!-- \/ Yoast SEO plugin. -->","yoast_head_json":{"title":"Retningslinjer for annonsering - NorskeAutomater.com","description":"Les v\u00e5re retninglsinjer for annonsering. NorskeAutomater er en affiliateside som tjener penger p\u00e5 klikk p\u00e5 v\u00e5re annonser.","robots":{"index":"index","follow":"follow","max-snippet":"max-snippet:-1","max-image-preview":"max-image-preview:large","max-video-preview":"max-video-preview:-1"},"canonical":"https:\/\/www.burgundywinecompany.com\/home\/retningslinjer-for-annonsering\/","og_locale":"nb_NO","og_type":"article","og_title":"Retningslinjer for annonsering - NorskeAutomater.com","og_description":"Les v\u00e5re retninglsinjer for annonsering. NorskeAutomater er en affiliateside som tjener penger p\u00e5 klikk p\u00e5 v\u00e5re annonser.","og_url":"https:\/\/www.burgundywinecompany.com\/home\/retningslinjer-for-annonsering\/","og_site_name":"NorskeAutomater.com","twitter_card":"summary_large_image","twitter_misc":{"Ansl. lesetid":"4 minutter"},"schema":{"@context":"https:\/\/schema.org","@graph":[{"@type":"WebPage","@id":"https:\/\/www.burgundywinecompany.com\/home\/retningslinjer-for-annonsering\/","url":"https:\/\/www.burgundywinecompany.com\/home\/retningslinjer-for-annonsering\/","name":"Retningslinjer for annonsering - NorskeAutomater.com","isPartOf":{"@id":"https:\/\/www.burgundywinecompany.com\/home\/#website"},"datePublished":"2025-03-21T14:24:29+00:00","description":"Les v\u00e5re retninglsinjer for annonsering. NorskeAutomater er en affiliateside som tjener penger p\u00e5 klikk p\u00e5 v\u00e5re annonser.","breadcrumb":{"@id":"https:\/\/www.burgundywinecompany.com\/home\/retningslinjer-for-annonsering\/#breadcrumb"},"inLanguage":"nb-NO","potentialAction":[{"@type":"ReadAction","target":["https:\/\/www.burgundywinecompany.com\/home\/retningslinjer-for-annonsering\/"]}]},{"@type":"BreadcrumbList","@id":"https:\/\/www.burgundywinecompany.com\/home\/retningslinjer-for-annonsering\/#breadcrumb","itemListElement":[{"@type":"ListItem","position":1,"name":"Home","item":"https:\/\/www.burgundywinecompany.com\/home\/"},{"@type":"ListItem","position":2,"name":"Retningslinjer for annonsering"}]},{"@type":"WebSite","@id":"https:\/\/www.burgundywinecompany.com\/home\/#website","url":"https:\/\/www.burgundywinecompany.com\/home\/","name":"NorskeAutomater.com","description":"","publisher":{"@id":"https:\/\/www.burgundywinecompany.com\/home\/#organization"},"potentialAction":[{"@type":"SearchAction","target":{"@type":"EntryPoint","urlTemplate":"https:\/\/www.burgundywinecompany.com\/home\/?s={search_term_string}"},"query-input":{"@type":"PropertyValueSpecification","valueRequired":true,"valueName":"search_term_string"}}],"inLanguage":"nb-NO"},{"@type":"Organization","@id":"https:\/\/www.burgundywinecompany.com\/home\/#organization","name":"NorskeAutomater.com","url":"https:\/\/www.burgundywinecompany.com\/home\/","logo":{"@type":"ImageObject","inLanguage":"nb-NO","@id":"https:\/\/www.burgundywinecompany.com\/home\/#\/schema\/logo\/image\/","url":"https:\/\/www.burgundywinecompany.com\/home\/wp-content\/uploads\/2025\/03\/cropped-Norske-automater-white.png","contentUrl":"https:\/\/www.burgundywinecompany.com\/home\/wp-content\/uploads\/2025\/03\/cropped-Norske-automater-white.png","width":600,"height":245,"caption":"NorskeAutomater.com"},"image":{"@id":"https:\/\/www.burgundywinecompany.com\/home\/#\/schema\/logo\/image\/"}}]}},"_links":{"self":[{"href":"https:\/\/www.burgundywinecompany.com\/home\/wp-json\/wp\/v2\/pages\/54","targetHints":{"allow":["GET"]}}],"collection":[{"href":"https:\/\/www.burgundywinecompany.com\/home\/wp-json\/wp\/v2\/pages"}],"about":[{"href":"https:\/\/www.burgundywinecompany.com\/home\/wp-json\/wp\/v2\/types\/page"}],"author":[{"embeddable":true,"href":"https:\/\/www.burgundywinecompany.com\/home\/wp-json\/wp\/v2\/users\/1"}],"replies":[{"embeddable":true,"href":"https:\/\/www.burgundywinecompany.com\/home\/wp-json\/wp\/v2\/comments?post=54"}],"version-history":[{"count":1,"href":"https:\/\/www.burgundywinecompany.com\/home\/wp-json\/wp\/v2\/pages\/54\/revisions"}],"predecessor-version":[{"id":55,"href":"https:\/\/www.burgundywinecompany.com\/home\/wp-json\/wp\/v2\/pages\/54\/revisions\/55"}],"wp:attachment":[{"href":"https:\/\/www.burgundywinecompany.com\/home\/wp-json\/wp\/v2\/media?parent=54"}],"curies":[{"name":"wp","href":"https:\/\/api.w.org\/{rel}","templated":true}]}}