{"id":3,"date":"2025-03-20T08:41:22","date_gmt":"2025-03-20T08:41:22","guid":{"rendered":"https:\/\/www.burgundywinecompany.com\/home\/?page_id=3"},"modified":"2025-05-07T09:07:23","modified_gmt":"2025-05-07T08:07:23","slug":"privacy-policy","status":"publish","type":"page","link":"https:\/\/www.burgundywinecompany.com\/home\/privacy-policy\/","title":{"rendered":"Personvern"},"content":{"rendered":"\n<h2 class=\"wp-block-heading\">Hva er NorskeAutomater.com?<\/h2>\n\n\n\n<p>NorskeAutomater.com er en casino affiliate nettside som er fri og \u00e5pen for alle brukere. Nettsiden vil videre i dette dokumentet omtales som \u2018vi\u2019, \u2018oss\u2019 eller \u2018v\u00e5r\u2019.<\/p>\n\n\n\n<p>Vi tilbyr ikke spill med ekte penger p\u00e5 v\u00e5re sider og samler s\u00e5ledes inn minimalt med personlig informasjon fra bes\u00f8kende p\u00e5 v\u00e5re sider.<\/p>\n\n\n\n<p>Videre i dette dokumentet som omhandler personvern vil du finne informasjon om b\u00e5de dine rettigheter og v\u00e5re plikter. Du vil her ogs\u00e5 f\u00e5 informasjon om hvordan, hvorfor og n\u00e5r vi behandler dine personlige opplysninger.<\/p>\n\n\n\n<h2 class=\"wp-block-heading\">Informasjon vi samler inn<\/h2>\n\n\n\n<p>N\u00e5r det gjelder innsamling av dine personlige data s\u00e5 er dette data som vi mottar fra deg p\u00e5 frivillig basis. Vi behandler dine data i f\u00f8lge retningslinjene \/ lovverket som kommer klart til uttrykk i General Data Protection Regulation (GDPR) fra EU.<\/p>\n\n\n\n<p><strong>Innsamling av personlige opplysninger skjer via f\u00f8lgende kanaler:<\/strong><\/p>\n\n\n\n<p>[uc_embedding class=&raquo;gdpr&raquo; show-toggle=&raquo;false&raquo; type=&raquo;all\u201d]<\/p>\n\n\n\n<h2 class=\"wp-block-heading\"><strong>Aweber<\/strong><\/h2>\n\n\n\n<p><strong>Informasjon vi samler inn:<\/strong><br>&#8211; Navn<br>&#8211; E-postadresse<br>&#8211; Informasjon om \u00e5pning av e-post<\/p>\n\n\n\n<p>De personlige opplysningene vi har lagret om deg gjeldende nyhetsbrevet ligger p\u00e5 en trygg og sikker tredjepartserver (Aweber.com). Du har rett til n\u00e5r som helst \u00e5 kontakte oss og be om \u00e5 f\u00e5 utlevert de opplysninger vi til enhver tid m\u00e5tte ha lagret som omhandler deg.<\/p>\n\n\n\n<p>Du har ogs\u00e5 rett til \u00e5 trekke tilbake ditt samtykke og i dette tilfellet f\u00e5 slettet alle opplysninger om deg og bli avmeldt fra nyhetsbrevet.<\/p>\n\n\n\n<p><strong>Hvordan vi bruker informasjonen vi samler inn<\/strong><br>Informasjonen \/ data vi samler inn i forbindelse med oppmelding til v\u00e5rt nyhetsbrev brukes til \u00e5 sende ut reklame og tilbud knyttet til v\u00e5r virksomhet.<\/p>\n\n\n\n<p>Vi f\u00e5r ogs\u00e5 oversikt om hvorvidt du har \u00e5pnet v\u00e5rt utsendte nyhetsbrev eller ikke, og kan s\u00e5ledes benytte denne informasjon til \u00e5 lage nye e-postsegmenter med deg og andre brukere som heller ikke har \u00e5pnet v\u00e5re nyhetsbrev. Dette gj\u00f8r vi for \u00e5 komme med p\u00e5minnelser eller for \u00e5 presentere andre tilbud.<\/p>\n\n\n\n<p>Du vil ikke f\u00e5 tilsendt markedsf\u00f8ringsmateriell som omhandler andre ting enn det som er regnet som v\u00e5r kjernevirksomhet.<\/p>\n\n\n\n<p><strong>Samtykke<\/strong><br>Vi samler, som du ser, ikke informasjon om deg uten ditt samtykke. Ditt samtykke gis oss ved at du frivillig melder deg opp til v\u00e5rt nyhetsbrev og da oppgir ditt navn og e-postadresse.<\/p>\n\n\n\n<p>Som nevnt kan du trekke samtykket ditt n\u00e5r som helst og kreve \u00e5 f\u00e5 slettet dine opplysninger.<\/p>\n\n\n\n<p><strong>Aweber.com og datarettigheter<\/strong><br>De dataene du oppgir til oss p\u00e5 v\u00e5re sider oppbevares som nevnt hos tredjeparten Aweber.com, og det er dette selskapet som tilbyr utsendelse av nyhetsbrev.<\/p>\n\n\n\n<p>I f\u00f8lge Aweber har du f\u00f8lgende rettigheter med tanke p\u00e5 dine data:<\/p>\n\n\n\n<p><strong>Retten til \u00e5 bli informert:<\/strong><br>Du kan n\u00e5r som helst sp\u00f8rre etter dine personlige data, hvordan de brukes og hvorfor de brukes n\u00e5.<\/p>\n\n\n\n<p><strong>Retten til tilgang:<\/strong><br>Du har rett til \u00e5 f\u00e5 tilgang til din personlige informasjon.<\/p>\n\n\n\n<p><strong>Rett til utbedring:<\/strong><br>Du kan oppdatere eller sp\u00f8rre om \u00e5 f\u00e5 gjort oppdateringer av din personlige informasjon til enhver tid.<\/p>\n\n\n\n<p><strong>Rett til \u00e5 slette:<\/strong><br>Du kan kreve \u00e5 f\u00e5 slettet dine personlige data, videre formidling av data og be om stans i behandling av dine data.<\/p>\n\n\n\n<p><strong>Rett til stans av e-post:<\/strong><br>Du kan kreve \u00e5 bli meldt av nyhetsbrevet til enhver tid.<\/p>\n\n\n\n<p><strong>Videreformidling av dine data<\/strong><br>Vi kommer ikke under noen omstendigheter til \u00e5 dele dine personlige opplysninger med utenforst\u00e5ende parter. Unntak vil v\u00e6re i de tilfeller hvor du selv har gitt samtykke til dette, og det er da v\u00e5r plikt \u00e5 innhente et slikt samtykke.<\/p>\n\n\n\n<p>De som bearbeider de data vi har samlet inn er kontraktsfestet til \u00e5 f\u00f8lge alle lover og regler forbundet med GDPR, personvern og andre tiltak som skal sikre konfidensialitet og sikkerhet.<\/p>\n\n\n\n<p><strong>V\u00e5re forbehold<\/strong><br>Det er en kjensgjerning at overf\u00f8ring av informasjon over internett er forbundet med en viss risiko. Vi har derfor tatt rimelige grep for \u00e5 s\u00f8rge for at de personlige opplysningene du overf\u00f8rer er beskyttet s\u00e5 langt det lar seg gj\u00f8re.<\/p>\n\n\n\n<p>Vi forbeholder oss allikevel retten til ikke \u00e5 kunne holdes ansvarlig dersom personlig informasjon kommer p\u00e5 avveie til ikke-autoriserte tredjeparter grunnet \u00e5rsaker som ligger utenfor v\u00e5r kontroll.<\/p>\n\n\n\n<p><strong>Klagetilgang<\/strong><br>Som nevnt tidligere bearbeider vi kun personlig informasjon som du har oppgitt til oss gjennom samtykke.<\/p>\n\n\n\n<p>Denne bearbeidingen skjer i henhold til det enhver tid gjeldende lovverk for personvernbeskyttelse.<\/p>\n\n\n\n<p>Skulle du allikevel ha en klage p\u00e5 hvordan vi behandler dine personlige opplysninger eller dine opplysninger blir brukt p\u00e5 en m\u00e5te som du ikke er forn\u00f8yd med har du muligheten til \u00e5 sende inn en klage til oss.<\/p>\n\n\n\n<p>Vi vil da h\u00e5ndtere denne klagen og rette opp i eventuell feilbehandling av personlige opplysninger i henhold til dine \u00f8nsker.<\/p>\n\n\n\n<h3 class=\"wp-block-heading\">Google Analytics<\/h3>\n\n\n\n<p>Vi benytter Google Analytics for \u00e5 forst\u00e5 hvordan bes\u00f8kende bruker nettsiden v\u00e5r. Dette verkt\u00f8yet samler inn anonymisert informasjon om trafikk og bruksm\u00f8nstre. Eksempler p\u00e5 slik informasjon kan v\u00e6re:<\/p>\n\n\n\n<ul class=\"wp-block-list\">\n<li>Hvilke sider som bes\u00f8kes<\/li>\n\n\n\n<li>Tid brukt p\u00e5 siden<\/li>\n\n\n\n<li>Bruk av lenker og navigasjon<\/li>\n\n\n\n<li>Hvilken type enhet og nettleser som benyttes<\/li>\n\n\n\n<li>Omtrentlig geografisk lokasjon (basert p\u00e5 IP-adresse)<\/li>\n<\/ul>\n\n\n\n<p>Denne informasjonen brukes kun for \u00e5 forbedre innholdet og brukeropplevelsen p\u00e5 nettsiden. Ingen av disse dataene kan brukes til \u00e5 identifisere deg personlig. Informasjonen lagres av Google, og er underlagt deres personvernregler. Vi har aktivert IP-anonymisering, slik at IP-adressen ikke lagres i sin helhet.<\/p>\n\n\n\n<p>Du kan reservere deg mot sporing fra Google Analytics ved \u00e5 bruke Googles eget nettlesertillegg for dette, eller ved \u00e5 deaktivere informasjonskapsler i nettleseren din.<\/p>\n","protected":false},"excerpt":{"rendered":"<p>Hva er NorskeAutomater.com? NorskeAutomater.com er en casino affiliate nettside som er fri og \u00e5pen for alle brukere. Nettsiden vil videre i dette dokumentet omtales som \u2018vi\u2019, \u2018oss\u2019 eller \u2018v\u00e5r\u2019. Vi tilbyr ikke spill med ekte penger p\u00e5 v\u00e5re sider og samler s\u00e5ledes inn minimalt med personlig informasjon fra bes\u00f8kende p\u00e5 v\u00e5re sider. Videre i dette &#8230; <a title=\"Personvern\" class=\"read-more\" href=\"https:\/\/www.burgundywinecompany.com\/home\/privacy-policy\/\" aria-label=\"Read more about Personvern\">Les mer<\/a><\/p>\n","protected":false},"author":1,"featured_media":0,"parent":0,"menu_order":0,"comment_status":"closed","ping_status":"open","template":"","meta":{"_acf_changed":false,"footnotes":""},"class_list":["post-3","page","type-page","status-publish"],"acf":[],"yoast_head":"<!-- This site is optimized with the Yoast SEO plugin v27.3 - https:\/\/yoast.com\/product\/yoast-seo-wordpress\/ -->\n<title>Personvern - NorskeAutomater.com<\/title>\n<meta name=\"description\" content=\"Les mer om personvern som er gjeldende for bruken av NorskeAutomater.com. Her finner du all informasjon du har behov for.\" \/>\n<meta name=\"robots\" content=\"index, follow, max-snippet:-1, max-image-preview:large, max-video-preview:-1\" \/>\n<link rel=\"canonical\" href=\"https:\/\/www.burgundywinecompany.com\/home\/privacy-policy\/\" \/>\n<meta property=\"og:locale\" content=\"nb_NO\" \/>\n<meta property=\"og:type\" content=\"article\" \/>\n<meta property=\"og:title\" content=\"Personvern - NorskeAutomater.com\" \/>\n<meta property=\"og:description\" content=\"Les mer om personvern som er gjeldende for bruken av NorskeAutomater.com. Her finner du all informasjon du har behov for.\" \/>\n<meta property=\"og:url\" content=\"https:\/\/www.burgundywinecompany.com\/home\/privacy-policy\/\" \/>\n<meta property=\"og:site_name\" content=\"NorskeAutomater.com\" \/>\n<meta property=\"article:modified_time\" content=\"2025-05-07T08:07:23+00:00\" \/>\n<meta name=\"twitter:card\" content=\"summary_large_image\" \/>\n<meta name=\"twitter:label1\" content=\"Ansl. lesetid\" \/>\n\t<meta name=\"twitter:data1\" content=\"5 minutter\" \/>\n<script type=\"application\/ld+json\" class=\"yoast-schema-graph\">{\"@context\":\"https:\\\/\\\/schema.org\",\"@graph\":[{\"@type\":\"WebPage\",\"@id\":\"https:\\\/\\\/www.burgundywinecompany.com\\\/home\\\/privacy-policy\\\/\",\"url\":\"https:\\\/\\\/www.burgundywinecompany.com\\\/home\\\/privacy-policy\\\/\",\"name\":\"Personvern - NorskeAutomater.com\",\"isPartOf\":{\"@id\":\"https:\\\/\\\/www.burgundywinecompany.com\\\/home\\\/#website\"},\"datePublished\":\"2025-03-20T08:41:22+00:00\",\"dateModified\":\"2025-05-07T08:07:23+00:00\",\"description\":\"Les mer om personvern som er gjeldende for bruken av NorskeAutomater.com. Her finner du all informasjon du har behov for.\",\"breadcrumb\":{\"@id\":\"https:\\\/\\\/www.burgundywinecompany.com\\\/home\\\/privacy-policy\\\/#breadcrumb\"},\"inLanguage\":\"nb-NO\",\"potentialAction\":[{\"@type\":\"ReadAction\",\"target\":[\"https:\\\/\\\/www.burgundywinecompany.com\\\/home\\\/privacy-policy\\\/\"]}]},{\"@type\":\"BreadcrumbList\",\"@id\":\"https:\\\/\\\/www.burgundywinecompany.com\\\/home\\\/privacy-policy\\\/#breadcrumb\",\"itemListElement\":[{\"@type\":\"ListItem\",\"position\":1,\"name\":\"Home\",\"item\":\"https:\\\/\\\/www.burgundywinecompany.com\\\/home\\\/\"},{\"@type\":\"ListItem\",\"position\":2,\"name\":\"Personvern\"}]},{\"@type\":\"WebSite\",\"@id\":\"https:\\\/\\\/www.burgundywinecompany.com\\\/home\\\/#website\",\"url\":\"https:\\\/\\\/www.burgundywinecompany.com\\\/home\\\/\",\"name\":\"NorskeAutomater.com\",\"description\":\"\",\"publisher\":{\"@id\":\"https:\\\/\\\/www.burgundywinecompany.com\\\/home\\\/#organization\"},\"potentialAction\":[{\"@type\":\"SearchAction\",\"target\":{\"@type\":\"EntryPoint\",\"urlTemplate\":\"https:\\\/\\\/www.burgundywinecompany.com\\\/home\\\/?s={search_term_string}\"},\"query-input\":{\"@type\":\"PropertyValueSpecification\",\"valueRequired\":true,\"valueName\":\"search_term_string\"}}],\"inLanguage\":\"nb-NO\"},{\"@type\":\"Organization\",\"@id\":\"https:\\\/\\\/www.burgundywinecompany.com\\\/home\\\/#organization\",\"name\":\"NorskeAutomater.com\",\"url\":\"https:\\\/\\\/www.burgundywinecompany.com\\\/home\\\/\",\"logo\":{\"@type\":\"ImageObject\",\"inLanguage\":\"nb-NO\",\"@id\":\"https:\\\/\\\/www.burgundywinecompany.com\\\/home\\\/#\\\/schema\\\/logo\\\/image\\\/\",\"url\":\"https:\\\/\\\/www.burgundywinecompany.com\\\/home\\\/wp-content\\\/uploads\\\/2025\\\/03\\\/cropped-Norske-automater-white.png\",\"contentUrl\":\"https:\\\/\\\/www.burgundywinecompany.com\\\/home\\\/wp-content\\\/uploads\\\/2025\\\/03\\\/cropped-Norske-automater-white.png\",\"width\":600,\"height\":245,\"caption\":\"NorskeAutomater.com\"},\"image\":{\"@id\":\"https:\\\/\\\/www.burgundywinecompany.com\\\/home\\\/#\\\/schema\\\/logo\\\/image\\\/\"}}]}<\/script>\n<!-- \/ Yoast SEO plugin. -->","yoast_head_json":{"title":"Personvern - NorskeAutomater.com","description":"Les mer om personvern som er gjeldende for bruken av NorskeAutomater.com. Her finner du all informasjon du har behov for.","robots":{"index":"index","follow":"follow","max-snippet":"max-snippet:-1","max-image-preview":"max-image-preview:large","max-video-preview":"max-video-preview:-1"},"canonical":"https:\/\/www.burgundywinecompany.com\/home\/privacy-policy\/","og_locale":"nb_NO","og_type":"article","og_title":"Personvern - NorskeAutomater.com","og_description":"Les mer om personvern som er gjeldende for bruken av NorskeAutomater.com. Her finner du all informasjon du har behov for.","og_url":"https:\/\/www.burgundywinecompany.com\/home\/privacy-policy\/","og_site_name":"NorskeAutomater.com","article_modified_time":"2025-05-07T08:07:23+00:00","twitter_card":"summary_large_image","twitter_misc":{"Ansl. lesetid":"5 minutter"},"schema":{"@context":"https:\/\/schema.org","@graph":[{"@type":"WebPage","@id":"https:\/\/www.burgundywinecompany.com\/home\/privacy-policy\/","url":"https:\/\/www.burgundywinecompany.com\/home\/privacy-policy\/","name":"Personvern - NorskeAutomater.com","isPartOf":{"@id":"https:\/\/www.burgundywinecompany.com\/home\/#website"},"datePublished":"2025-03-20T08:41:22+00:00","dateModified":"2025-05-07T08:07:23+00:00","description":"Les mer om personvern som er gjeldende for bruken av NorskeAutomater.com. Her finner du all informasjon du har behov for.","breadcrumb":{"@id":"https:\/\/www.burgundywinecompany.com\/home\/privacy-policy\/#breadcrumb"},"inLanguage":"nb-NO","potentialAction":[{"@type":"ReadAction","target":["https:\/\/www.burgundywinecompany.com\/home\/privacy-policy\/"]}]},{"@type":"BreadcrumbList","@id":"https:\/\/www.burgundywinecompany.com\/home\/privacy-policy\/#breadcrumb","itemListElement":[{"@type":"ListItem","position":1,"name":"Home","item":"https:\/\/www.burgundywinecompany.com\/home\/"},{"@type":"ListItem","position":2,"name":"Personvern"}]},{"@type":"WebSite","@id":"https:\/\/www.burgundywinecompany.com\/home\/#website","url":"https:\/\/www.burgundywinecompany.com\/home\/","name":"NorskeAutomater.com","description":"","publisher":{"@id":"https:\/\/www.burgundywinecompany.com\/home\/#organization"},"potentialAction":[{"@type":"SearchAction","target":{"@type":"EntryPoint","urlTemplate":"https:\/\/www.burgundywinecompany.com\/home\/?s={search_term_string}"},"query-input":{"@type":"PropertyValueSpecification","valueRequired":true,"valueName":"search_term_string"}}],"inLanguage":"nb-NO"},{"@type":"Organization","@id":"https:\/\/www.burgundywinecompany.com\/home\/#organization","name":"NorskeAutomater.com","url":"https:\/\/www.burgundywinecompany.com\/home\/","logo":{"@type":"ImageObject","inLanguage":"nb-NO","@id":"https:\/\/www.burgundywinecompany.com\/home\/#\/schema\/logo\/image\/","url":"https:\/\/www.burgundywinecompany.com\/home\/wp-content\/uploads\/2025\/03\/cropped-Norske-automater-white.png","contentUrl":"https:\/\/www.burgundywinecompany.com\/home\/wp-content\/uploads\/2025\/03\/cropped-Norske-automater-white.png","width":600,"height":245,"caption":"NorskeAutomater.com"},"image":{"@id":"https:\/\/www.burgundywinecompany.com\/home\/#\/schema\/logo\/image\/"}}]}},"_links":{"self":[{"href":"https:\/\/www.burgundywinecompany.com\/home\/wp-json\/wp\/v2\/pages\/3","targetHints":{"allow":["GET"]}}],"collection":[{"href":"https:\/\/www.burgundywinecompany.com\/home\/wp-json\/wp\/v2\/pages"}],"about":[{"href":"https:\/\/www.burgundywinecompany.com\/home\/wp-json\/wp\/v2\/types\/page"}],"author":[{"embeddable":true,"href":"https:\/\/www.burgundywinecompany.com\/home\/wp-json\/wp\/v2\/users\/1"}],"replies":[{"embeddable":true,"href":"https:\/\/www.burgundywinecompany.com\/home\/wp-json\/wp\/v2\/comments?post=3"}],"version-history":[{"count":3,"href":"https:\/\/www.burgundywinecompany.com\/home\/wp-json\/wp\/v2\/pages\/3\/revisions"}],"predecessor-version":[{"id":152,"href":"https:\/\/www.burgundywinecompany.com\/home\/wp-json\/wp\/v2\/pages\/3\/revisions\/152"}],"wp:attachment":[{"href":"https:\/\/www.burgundywinecompany.com\/home\/wp-json\/wp\/v2\/media?parent=3"}],"curies":[{"name":"wp","href":"https:\/\/api.w.org\/{rel}","templated":true}]}}